{"id":1230,"date":"2021-03-03T16:26:03","date_gmt":"2021-03-03T15:26:03","guid":{"rendered":"http:\/\/secretdespierres.com\/?page_id=1230"},"modified":"2021-03-03T16:35:11","modified_gmt":"2021-03-03T15:35:11","slug":"transformation-de-vos-bijoux","status":"publish","type":"page","link":"https:\/\/secretdespierres.com\/index.php\/transformation-de-vos-bijoux\/","title":{"rendered":"Transformation de vos bijoux"},"content":{"rendered":"\t\t<div data-elementor-type=\"wp-page\" data-elementor-id=\"1230\" class=\"elementor elementor-1230\" data-elementor-settings=\"[]\">\n\t\t\t\t\t\t<div class=\"elementor-inner\">\n\t\t\t\t\t\t\t<div class=\"elementor-section-wrap\">\n\t\t\t\t\t\t\t<section class=\"elementor-section elementor-top-section elementor-element elementor-element-f9e40ad elementor-section-boxed elementor-section-height-default elementor-section-height-default\" data-id=\"f9e40ad\" data-element_type=\"section\">\n\t\t\t\t\t\t<div class=\"elementor-container elementor-column-gap-default\">\n\t\t\t\t\t\t\t<div class=\"elementor-row\">\n\t\t\t\t\t<div class=\"elementor-column elementor-col-100 elementor-top-column elementor-element elementor-element-48b26b6\" data-id=\"48b26b6\" data-element_type=\"column\">\n\t\t\t<div class=\"elementor-column-wrap elementor-element-populated\">\n\t\t\t\t\t\t\t<div class=\"elementor-widget-wrap\">\n\t\t\t\t\t\t<div class=\"elementor-element elementor-element-8474b69 elementor-widget elementor-widget-text-editor\" data-id=\"8474b69\" data-element_type=\"widget\" data-widget_type=\"text-editor.default\">\n\t\t\t\t<div class=\"elementor-widget-container\">\n\t\t\t\t\t\t\t\t<div class=\"elementor-text-editor elementor-clearfix\">\n\t\t\t\t\t<p>Vous avez d&rsquo;anciens bijoux, ab\u00eem\u00e9s, cass\u00e9s ou qui ne sont plus \u00e0 votre go\u00fbt ?<\/p><p>Dans notre d\u00e9marche anti-gaspi, nous vous offrons la possibilit\u00e9 de les r\u00e9parer ou de les recr\u00e9er.<\/p><p>Gr\u00e2ce \u00e0 l&rsquo;expertise de Mathilde, nous vous proposons de donner une nouvelle vie \u00e0 vos bijoux.<\/p><p>Voici un exemple d&rsquo;avant \/ apr\u00e8s, n&rsquo;h\u00e9sitez pas \u00e0 nous contacter pour obtenir un devis.\u00a0<\/p>\t\t\t\t\t<\/div>\n\t\t\t\t\t\t<\/div>\n\t\t\t\t<\/div>\n\t\t\t\t<div class=\"elementor-element elementor-element-400babc elementor-align-center elementor-widget elementor-widget-button\" data-id=\"400babc\" data-element_type=\"widget\" data-widget_type=\"button.default\">\n\t\t\t\t<div class=\"elementor-widget-container\">\n\t\t\t\t\t<div class=\"elementor-button-wrapper\">\n\t\t\t<a href=\"https:\/\/secretdespierres.com\/index.php\/contact\/\" class=\"elementor-button-link elementor-button elementor-size-sm\" role=\"button\">\n\t\t\t\t\t\t<span class=\"elementor-button-content-wrapper\">\n\t\t\t\t\t\t<span class=\"elementor-button-text\">Obtenir un devis<\/span>\n\t\t<\/span>\n\t\t\t\t\t<\/a>\n\t\t<\/div>\n\t\t\t\t<\/div>\n\t\t\t\t<\/div>\n\t\t\t\t\t\t<\/div>\n\t\t\t\t\t<\/div>\n\t\t<\/div>\n\t\t\t\t\t\t\t\t<\/div>\n\t\t\t\t\t<\/div>\n\t\t<\/section>\n\t\t\t\t<section class=\"elementor-section elementor-top-section elementor-element elementor-element-0de5f60 elementor-section-boxed elementor-section-height-default elementor-section-height-default\" data-id=\"0de5f60\" data-element_type=\"section\">\n\t\t\t\t\t\t<div class=\"elementor-container elementor-column-gap-default\">\n\t\t\t\t\t\t\t<div class=\"elementor-row\">\n\t\t\t\t\t<div class=\"elementor-column elementor-col-50 elementor-top-column elementor-element elementor-element-d8eac8f\" data-id=\"d8eac8f\" data-element_type=\"column\">\n\t\t\t<div class=\"elementor-column-wrap elementor-element-populated\">\n\t\t\t\t\t\t\t<div class=\"elementor-widget-wrap\">\n\t\t\t\t\t\t<div class=\"elementor-element elementor-element-93fefc7 elementor-widget elementor-widget-image\" data-id=\"93fefc7\" data-element_type=\"widget\" data-widget_type=\"image.default\">\n\t\t\t\t<div class=\"elementor-widget-container\">\n\t\t\t\t\t\t\t\t<div class=\"elementor-image\">\n\t\t\t\t\t\t\t\t\t\t\t\t<img width=\"768\" height=\"1024\" src=\"https:\/\/secretdespierres.com\/wp-content\/uploads\/2021\/03\/IMG_8030-768x1024.jpg\" class=\"attachment-large size-large\" alt=\"\" loading=\"lazy\" srcset=\"https:\/\/secretdespierres.com\/wp-content\/uploads\/2021\/03\/IMG_8030-768x1024.jpg 768w, https:\/\/secretdespierres.com\/wp-content\/uploads\/2021\/03\/IMG_8030-225x300.jpg 225w, https:\/\/secretdespierres.com\/wp-content\/uploads\/2021\/03\/IMG_8030-1152x1536.jpg 1152w, https:\/\/secretdespierres.com\/wp-content\/uploads\/2021\/03\/IMG_8030-1536x2048.jpg 1536w, https:\/\/secretdespierres.com\/wp-content\/uploads\/2021\/03\/IMG_8030-416x555.jpg 416w, https:\/\/secretdespierres.com\/wp-content\/uploads\/2021\/03\/IMG_8030-scaled.jpg 1920w\" sizes=\"(max-width: 768px) 100vw, 768px\" \/>\t\t\t\t\t\t\t\t\t\t\t\t\t\t<\/div>\n\t\t\t\t\t\t<\/div>\n\t\t\t\t<\/div>\n\t\t\t\t\t\t<\/div>\n\t\t\t\t\t<\/div>\n\t\t<\/div>\n\t\t\t\t<div class=\"elementor-column elementor-col-50 elementor-top-column elementor-element elementor-element-53ab271\" data-id=\"53ab271\" data-element_type=\"column\">\n\t\t\t<div class=\"elementor-column-wrap elementor-element-populated\">\n\t\t\t\t\t\t\t<div class=\"elementor-widget-wrap\">\n\t\t\t\t\t\t<div class=\"elementor-element elementor-element-82d9d6a elementor-widget elementor-widget-image\" data-id=\"82d9d6a\" data-element_type=\"widget\" data-widget_type=\"image.default\">\n\t\t\t\t<div class=\"elementor-widget-container\">\n\t\t\t\t\t\t\t\t<div class=\"elementor-image\">\n\t\t\t\t\t\t\t\t\t\t\t\t<img width=\"768\" height=\"1024\" src=\"https:\/\/secretdespierres.com\/wp-content\/uploads\/2021\/03\/IMG_8130-768x1024.jpg\" class=\"attachment-large size-large\" alt=\"\" loading=\"lazy\" srcset=\"https:\/\/secretdespierres.com\/wp-content\/uploads\/2021\/03\/IMG_8130-768x1024.jpg 768w, https:\/\/secretdespierres.com\/wp-content\/uploads\/2021\/03\/IMG_8130-225x300.jpg 225w, https:\/\/secretdespierres.com\/wp-content\/uploads\/2021\/03\/IMG_8130-1152x1536.jpg 1152w, https:\/\/secretdespierres.com\/wp-content\/uploads\/2021\/03\/IMG_8130-1536x2048.jpg 1536w, https:\/\/secretdespierres.com\/wp-content\/uploads\/2021\/03\/IMG_8130-416x555.jpg 416w, https:\/\/secretdespierres.com\/wp-content\/uploads\/2021\/03\/IMG_8130-scaled.jpg 1920w\" sizes=\"(max-width: 768px) 100vw, 768px\" \/>\t\t\t\t\t\t\t\t\t\t\t\t\t\t<\/div>\n\t\t\t\t\t\t<\/div>\n\t\t\t\t<\/div>\n\t\t\t\t\t\t<\/div>\n\t\t\t\t\t<\/div>\n\t\t<\/div>\n\t\t\t\t\t\t\t\t<\/div>\n\t\t\t\t\t<\/div>\n\t\t<\/section>\n\t\t\t\t\t\t<\/div>\n\t\t\t\t\t\t<\/div>\n\t\t\t\t\t<\/div>\n\t\t","protected":false},"excerpt":{"rendered":"<p>Vous avez d&rsquo;anciens bijoux, ab\u00eem\u00e9s, cass\u00e9s ou qui ne sont plus \u00e0 votre go\u00fbt ? Dans notre d\u00e9marche anti-gaspi, nous vous offrons la possibilit\u00e9 de les r\u00e9parer ou de les recr\u00e9er. Gr\u00e2ce \u00e0 l&rsquo;expertise de Mathilde, nous vous proposons de donner une nouvelle vie \u00e0 vos bijoux. Voici un exemple d&rsquo;avant \/ apr\u00e8s, n&rsquo;h\u00e9sitez pas [&hellip;]<\/p>\n","protected":false},"author":1,"featured_media":0,"parent":0,"menu_order":0,"comment_status":"closed","ping_status":"closed","template":"","meta":[],"_links":{"self":[{"href":"https:\/\/secretdespierres.com\/index.php\/wp-json\/wp\/v2\/pages\/1230"}],"collection":[{"href":"https:\/\/secretdespierres.com\/index.php\/wp-json\/wp\/v2\/pages"}],"about":[{"href":"https:\/\/secretdespierres.com\/index.php\/wp-json\/wp\/v2\/types\/page"}],"author":[{"embeddable":true,"href":"https:\/\/secretdespierres.com\/index.php\/wp-json\/wp\/v2\/users\/1"}],"replies":[{"embeddable":true,"href":"https:\/\/secretdespierres.com\/index.php\/wp-json\/wp\/v2\/comments?post=1230"}],"version-history":[{"count":16,"href":"https:\/\/secretdespierres.com\/index.php\/wp-json\/wp\/v2\/pages\/1230\/revisions"}],"predecessor-version":[{"id":1253,"href":"https:\/\/secretdespierres.com\/index.php\/wp-json\/wp\/v2\/pages\/1230\/revisions\/1253"}],"wp:attachment":[{"href":"https:\/\/secretdespierres.com\/index.php\/wp-json\/wp\/v2\/media?parent=1230"}],"curies":[{"name":"wp","href":"https:\/\/api.w.org\/{rel}","templated":true}]}}