{"id":28,"date":"2020-11-30T15:49:27","date_gmt":"2020-11-30T14:49:27","guid":{"rendered":"http:\/\/secretdespierres.com\/?page_id=28"},"modified":"2021-03-05T16:31:36","modified_gmt":"2021-03-05T15:31:36","slug":"vous-etes-une-etoile-brillez-aux-eclats","status":"publish","type":"page","link":"https:\/\/secretdespierres.com\/","title":{"rendered":"Vous \u00eates une \u00e9toile, brillez aux \u00e9clats !"},"content":{"rendered":"\t\t<div data-elementor-type=\"wp-page\" data-elementor-id=\"28\" class=\"elementor elementor-28\" data-elementor-settings=\"[]\">\n\t\t\t\t\t\t<div class=\"elementor-inner\">\n\t\t\t\t\t\t\t<div class=\"elementor-section-wrap\">\n\t\t\t\t\t\t\t<section class=\"elementor-section elementor-top-section elementor-element elementor-element-b8e53bc elementor-section-full_width elementor-section-stretched elementor-section-height-default elementor-section-height-default\" data-id=\"b8e53bc\" data-element_type=\"section\" data-settings=\"{&quot;stretch_section&quot;:&quot;section-stretched&quot;}\">\n\t\t\t\t\t\t<div class=\"elementor-container elementor-column-gap-default\">\n\t\t\t\t\t\t\t<div class=\"elementor-row\">\n\t\t\t\t\t<div class=\"elementor-column elementor-col-100 elementor-top-column elementor-element elementor-element-b720be1\" data-id=\"b720be1\" data-element_type=\"column\">\n\t\t\t<div class=\"elementor-column-wrap elementor-element-populated\">\n\t\t\t\t\t\t\t<div class=\"elementor-widget-wrap\">\n\t\t\t\t\t\t<div class=\"elementor-element elementor-element-e452b74 elementor-widget elementor-widget-text-editor\" data-id=\"e452b74\" data-element_type=\"widget\" data-widget_type=\"text-editor.default\">\n\t\t\t\t<div class=\"elementor-widget-container\">\n\t\t\t\t\t\t\t\t<div class=\"elementor-text-editor elementor-clearfix\">\n\t\t\t\t\t<div dir=\"ltr\" data-setdir=\"false\"><span style=\"font-size: 8pt;\">Secret des Pierres,\u00a0bracelet chemin de vie,\u00a0bracelet personnalis\u00e9s,\u00a0bracelet hommes,\u00a0sautoir en pierres,\u00a0bijoux,\u00a0bijoux en pierre,\u00a0lithoth\u00e9rapie,\u00a0pierres semi pr\u00e9cieuses,\u00a0th\u00e9 chakra,\u00a0bougies,\u00a0porte-encens,\u00a0artisans fran\u00e7ais,\u00a0<\/span><span style=\"font-size: 8pt;\">7 chakras,\u00a0pendules,\u00a0huiles essentielles,\u00a0pierres, Secret des Pierres,\u00a0bracelet chemin de vie,\u00a0bracelet personnalis\u00e9s,\u00a0bracelet hommes,\u00a0sautoir en pierres,\u00a0bijoux,\u00a0bijoux en pierre,\u00a0lithoth\u00e9rapie,\u00a0pierres semi pr\u00e9cieuses,\u00a0th\u00e9 chakra,\u00a0bougies,\u00a0porte-encens,\u00a0artisans fran\u00e7ais,\u00a07 chakras,\u00a0pendules,\u00a0huiles essentielles,\u00a0pierres<\/span><\/div>\t\t\t\t\t<\/div>\n\t\t\t\t\t\t<\/div>\n\t\t\t\t<\/div>\n\t\t\t\t\t\t<\/div>\n\t\t\t\t\t<\/div>\n\t\t<\/div>\n\t\t\t\t\t\t\t\t<\/div>\n\t\t\t\t\t<\/div>\n\t\t<\/section>\n\t\t\t\t<section class=\"elementor-section elementor-top-section elementor-element elementor-element-1b12ef9 elementor-section-boxed elementor-section-height-default elementor-section-height-default\" data-id=\"1b12ef9\" data-element_type=\"section\">\n\t\t\t\t\t\t<div class=\"elementor-container elementor-column-gap-default\">\n\t\t\t\t\t\t\t<div class=\"elementor-row\">\n\t\t\t\t\t<div class=\"elementor-column elementor-col-100 elementor-top-column elementor-element elementor-element-a42aca1\" data-id=\"a42aca1\" data-element_type=\"column\">\n\t\t\t<div class=\"elementor-column-wrap elementor-element-populated\">\n\t\t\t\t\t\t\t<div class=\"elementor-widget-wrap\">\n\t\t\t\t\t\t<div class=\"elementor-element elementor-element-de320e2 elementor-widget elementor-widget-heading\" data-id=\"de320e2\" data-element_type=\"widget\" data-widget_type=\"heading.default\">\n\t\t\t\t<div class=\"elementor-widget-container\">\n\t\t\t<h2 class=\"elementor-heading-title elementor-size-default\">Secret des Pierres est une coop\u00e9rative des artisans du bien \u00eatre <\/h2>\t\t<\/div>\n\t\t\t\t<\/div>\n\t\t\t\t\t\t<\/div>\n\t\t\t\t\t<\/div>\n\t\t<\/div>\n\t\t\t\t\t\t\t\t<\/div>\n\t\t\t\t\t<\/div>\n\t\t<\/section>\n\t\t\t\t<section class=\"elementor-section elementor-top-section elementor-element elementor-element-3914c81 elementor-section-full_width elementor-section-stretched elementor-section-height-default elementor-section-height-default\" data-id=\"3914c81\" data-element_type=\"section\" data-settings=\"{&quot;stretch_section&quot;:&quot;section-stretched&quot;}\">\n\t\t\t\t\t\t<div class=\"elementor-container elementor-column-gap-default\">\n\t\t\t\t\t\t\t<div class=\"elementor-row\">\n\t\t\t\t\t<div class=\"elementor-column elementor-col-100 elementor-top-column elementor-element elementor-element-c39bdfc\" data-id=\"c39bdfc\" data-element_type=\"column\">\n\t\t\t<div class=\"elementor-column-wrap elementor-element-populated\">\n\t\t\t\t\t\t\t<div class=\"elementor-widget-wrap\">\n\t\t\t\t\t\t<div class=\"elementor-element elementor-element-d9371f7 elementor-widget elementor-widget-text-editor\" data-id=\"d9371f7\" data-element_type=\"widget\" data-widget_type=\"text-editor.default\">\n\t\t\t\t<div class=\"elementor-widget-container\">\n\t\t\t\t\t\t\t\t<div class=\"elementor-text-editor elementor-clearfix\">\n\t\t\t\t\t<div dir=\"ltr\" data-setdir=\"false\"><span style=\"font-size: 8pt;\">Secret des Pierres,\u00a0bracelet chemin de vie,\u00a0bracelet personnalis\u00e9s,\u00a0bracelet hommes,\u00a0sautoir en pierres,\u00a0bijoux,\u00a0bijoux en pierre,\u00a0lithoth\u00e9rapie,\u00a0pierres semi pr\u00e9cieuses,\u00a0th\u00e9 chakra,\u00a0bougies,\u00a0porte-encens,\u00a0artisans fran\u00e7ais,\u00a0<\/span><span style=\"font-size: 8pt;\">7 chakras,\u00a0pendules,\u00a0huiles essentielles,\u00a0pierres, Secret des Pierres,\u00a0bracelet chemin de vie,\u00a0bracelet personnalis\u00e9s,\u00a0bracelet hommes,\u00a0sautoir en pierres,\u00a0bijoux,\u00a0bijoux en pierre,\u00a0lithoth\u00e9rapie,\u00a0pierres semi pr\u00e9cieuses,\u00a0th\u00e9 chakra,\u00a0bougies,\u00a0porte-encens,\u00a0artisans fran\u00e7ais,\u00a07 chakras,\u00a0pendules,\u00a0huiles essentielles,\u00a0pierres<\/span><\/div>\t\t\t\t\t<\/div>\n\t\t\t\t\t\t<\/div>\n\t\t\t\t<\/div>\n\t\t\t\t\t\t<\/div>\n\t\t\t\t\t<\/div>\n\t\t<\/div>\n\t\t\t\t\t\t\t\t<\/div>\n\t\t\t\t\t<\/div>\n\t\t<\/section>\n\t\t\t\t<section class=\"elementor-section elementor-top-section elementor-element elementor-element-62d8771 elementor-section-full_width elementor-section-height-default elementor-section-height-default\" data-id=\"62d8771\" data-element_type=\"section\">\n\t\t\t\t\t\t<div class=\"elementor-container elementor-column-gap-default\">\n\t\t\t\t\t\t\t<div class=\"elementor-row\">\n\t\t\t\t\t<div class=\"elementor-column elementor-col-33 elementor-top-column elementor-element elementor-element-4460bf4\" data-id=\"4460bf4\" data-element_type=\"column\" data-settings=\"{&quot;background_background&quot;:&quot;classic&quot;}\">\n\t\t\t<div class=\"elementor-column-wrap elementor-element-populated\">\n\t\t\t\t\t\t\t<div class=\"elementor-widget-wrap\">\n\t\t\t\t\t\t<div class=\"elementor-element elementor-element-c4ac024 elementor-widget elementor-widget-image\" data-id=\"c4ac024\" data-element_type=\"widget\" data-widget_type=\"image.default\">\n\t\t\t\t<div class=\"elementor-widget-container\">\n\t\t\t\t\t\t\t\t<div class=\"elementor-image\">\n\t\t\t\t\t\t\t\t\t\t\t\t<img width=\"300\" height=\"300\" src=\"https:\/\/secretdespierres.com\/wp-content\/uploads\/2021\/03\/PIERRES-7-CHAKRAS-300x300.jpg\" class=\"attachment-medium size-medium\" alt=\"\" loading=\"lazy\" srcset=\"https:\/\/secretdespierres.com\/wp-content\/uploads\/2021\/03\/PIERRES-7-CHAKRAS-300x300.jpg 300w, https:\/\/secretdespierres.com\/wp-content\/uploads\/2021\/03\/PIERRES-7-CHAKRAS-150x150.jpg 150w, https:\/\/secretdespierres.com\/wp-content\/uploads\/2021\/03\/PIERRES-7-CHAKRAS-768x768.jpg 768w, https:\/\/secretdespierres.com\/wp-content\/uploads\/2021\/03\/PIERRES-7-CHAKRAS-324x324.jpg 324w, https:\/\/secretdespierres.com\/wp-content\/uploads\/2021\/03\/PIERRES-7-CHAKRAS-416x416.jpg 416w, https:\/\/secretdespierres.com\/wp-content\/uploads\/2021\/03\/PIERRES-7-CHAKRAS-100x100.jpg 100w, https:\/\/secretdespierres.com\/wp-content\/uploads\/2021\/03\/PIERRES-7-CHAKRAS.jpg 800w\" sizes=\"(max-width: 300px) 100vw, 300px\" \/>\t\t\t\t\t\t\t\t\t\t\t\t\t\t<\/div>\n\t\t\t\t\t\t<\/div>\n\t\t\t\t<\/div>\n\t\t\t\t<div class=\"elementor-element elementor-element-b4ca828 elementor-widget elementor-widget-text-editor\" data-id=\"b4ca828\" data-element_type=\"widget\" data-widget_type=\"text-editor.default\">\n\t\t\t\t<div class=\"elementor-widget-container\">\n\t\t\t\t\t\t\t\t<div class=\"elementor-text-editor elementor-clearfix\">\n\t\t\t\t\t<p>Qu&rsquo;est ce que la lithoth\u00e9rapie ?<\/p>\t\t\t\t\t<\/div>\n\t\t\t\t\t\t<\/div>\n\t\t\t\t<\/div>\n\t\t\t\t<div class=\"elementor-element elementor-element-35da60c elementor-align-center elementor-widget elementor-widget-button\" data-id=\"35da60c\" data-element_type=\"widget\" data-widget_type=\"button.default\">\n\t\t\t\t<div class=\"elementor-widget-container\">\n\t\t\t\t\t<div class=\"elementor-button-wrapper\">\n\t\t\t<a href=\"https:\/\/secretdespierres.com\/index.php\/decouvrir-la-lithotherapie\/\" class=\"elementor-button-link elementor-button elementor-size-sm\" role=\"button\">\n\t\t\t\t\t\t<span class=\"elementor-button-content-wrapper\">\n\t\t\t\t\t\t<span class=\"elementor-button-text\">En savoir plus<\/span>\n\t\t<\/span>\n\t\t\t\t\t<\/a>\n\t\t<\/div>\n\t\t\t\t<\/div>\n\t\t\t\t<\/div>\n\t\t\t\t\t\t<\/div>\n\t\t\t\t\t<\/div>\n\t\t<\/div>\n\t\t\t\t<div class=\"elementor-column elementor-col-33 elementor-top-column elementor-element elementor-element-8aebd47\" data-id=\"8aebd47\" data-element_type=\"column\" data-settings=\"{&quot;background_background&quot;:&quot;classic&quot;}\">\n\t\t\t<div class=\"elementor-column-wrap elementor-element-populated\">\n\t\t\t\t\t\t\t<div class=\"elementor-widget-wrap\">\n\t\t\t\t\t\t<div class=\"elementor-element elementor-element-f46d097 elementor-widget elementor-widget-image\" data-id=\"f46d097\" data-element_type=\"widget\" data-widget_type=\"image.default\">\n\t\t\t\t<div class=\"elementor-widget-container\">\n\t\t\t\t\t\t\t\t<div class=\"elementor-image\">\n\t\t\t\t\t\t\t\t\t\t\t\t<img width=\"225\" height=\"300\" src=\"https:\/\/secretdespierres.com\/wp-content\/uploads\/2021\/03\/20201109_112655-225x300.jpg\" class=\"attachment-medium size-medium\" alt=\"\" loading=\"lazy\" srcset=\"https:\/\/secretdespierres.com\/wp-content\/uploads\/2021\/03\/20201109_112655-225x300.jpg 225w, https:\/\/secretdespierres.com\/wp-content\/uploads\/2021\/03\/20201109_112655-768x1024.jpg 768w, https:\/\/secretdespierres.com\/wp-content\/uploads\/2021\/03\/20201109_112655-1152x1536.jpg 1152w, https:\/\/secretdespierres.com\/wp-content\/uploads\/2021\/03\/20201109_112655-1536x2048.jpg 1536w, https:\/\/secretdespierres.com\/wp-content\/uploads\/2021\/03\/20201109_112655-416x555.jpg 416w, https:\/\/secretdespierres.com\/wp-content\/uploads\/2021\/03\/20201109_112655-scaled.jpg 1920w\" sizes=\"(max-width: 225px) 100vw, 225px\" \/>\t\t\t\t\t\t\t\t\t\t\t\t\t\t<\/div>\n\t\t\t\t\t\t<\/div>\n\t\t\t\t<\/div>\n\t\t\t\t<div class=\"elementor-element elementor-element-b3ba4d7 elementor-widget elementor-widget-text-editor\" data-id=\"b3ba4d7\" data-element_type=\"widget\" data-widget_type=\"text-editor.default\">\n\t\t\t\t<div class=\"elementor-widget-container\">\n\t\t\t\t\t\t\t\t<div class=\"elementor-text-editor elementor-clearfix\">\n\t\t\t\t\t<p>Nos collections de bijoux et autres objets<\/p>\t\t\t\t\t<\/div>\n\t\t\t\t\t\t<\/div>\n\t\t\t\t<\/div>\n\t\t\t\t<div class=\"elementor-element elementor-element-8014c7a elementor-align-center elementor-widget elementor-widget-button\" data-id=\"8014c7a\" data-element_type=\"widget\" data-widget_type=\"button.default\">\n\t\t\t\t<div class=\"elementor-widget-container\">\n\t\t\t\t\t<div class=\"elementor-button-wrapper\">\n\t\t\t<a href=\"https:\/\/secretdespierres.com\/index.php\/boutique\/\" class=\"elementor-button-link elementor-button elementor-size-sm\" role=\"button\">\n\t\t\t\t\t\t<span class=\"elementor-button-content-wrapper\">\n\t\t\t\t\t\t<span class=\"elementor-button-text\">D\u00e9couvrir<\/span>\n\t\t<\/span>\n\t\t\t\t\t<\/a>\n\t\t<\/div>\n\t\t\t\t<\/div>\n\t\t\t\t<\/div>\n\t\t\t\t\t\t<\/div>\n\t\t\t\t\t<\/div>\n\t\t<\/div>\n\t\t\t\t<div class=\"elementor-column elementor-col-33 elementor-top-column elementor-element elementor-element-5ae19be\" data-id=\"5ae19be\" data-element_type=\"column\" data-settings=\"{&quot;background_background&quot;:&quot;classic&quot;}\">\n\t\t\t<div class=\"elementor-column-wrap elementor-element-populated\">\n\t\t\t\t\t\t\t<div class=\"elementor-widget-wrap\">\n\t\t\t\t\t\t<div class=\"elementor-element elementor-element-6e33d44 elementor-widget elementor-widget-spacer\" data-id=\"6e33d44\" data-element_type=\"widget\" data-widget_type=\"spacer.default\">\n\t\t\t\t<div class=\"elementor-widget-container\">\n\t\t\t\t\t<div class=\"elementor-spacer\">\n\t\t\t<div class=\"elementor-spacer-inner\"><\/div>\n\t\t<\/div>\n\t\t\t\t<\/div>\n\t\t\t\t<\/div>\n\t\t\t\t<div class=\"elementor-element elementor-element-ad103ff elementor-widget elementor-widget-image\" data-id=\"ad103ff\" data-element_type=\"widget\" data-widget_type=\"image.default\">\n\t\t\t\t<div class=\"elementor-widget-container\">\n\t\t\t\t\t\t\t\t<div class=\"elementor-image\">\n\t\t\t\t\t\t\t\t\t\t\t\t<img width=\"300\" height=\"225\" src=\"https:\/\/secretdespierres.com\/wp-content\/uploads\/2021\/03\/PHOTO-ATELIER-LITHO-ENFANT-1-300x225.jpg\" class=\"attachment-medium size-medium\" alt=\"\" loading=\"lazy\" srcset=\"https:\/\/secretdespierres.com\/wp-content\/uploads\/2021\/03\/PHOTO-ATELIER-LITHO-ENFANT-1-300x225.jpg 300w, https:\/\/secretdespierres.com\/wp-content\/uploads\/2021\/03\/PHOTO-ATELIER-LITHO-ENFANT-1-1024x768.jpg 1024w, https:\/\/secretdespierres.com\/wp-content\/uploads\/2021\/03\/PHOTO-ATELIER-LITHO-ENFANT-1-768x576.jpg 768w, https:\/\/secretdespierres.com\/wp-content\/uploads\/2021\/03\/PHOTO-ATELIER-LITHO-ENFANT-1-1536x1152.jpg 1536w, https:\/\/secretdespierres.com\/wp-content\/uploads\/2021\/03\/PHOTO-ATELIER-LITHO-ENFANT-1-2048x1536.jpg 2048w, https:\/\/secretdespierres.com\/wp-content\/uploads\/2021\/03\/PHOTO-ATELIER-LITHO-ENFANT-1-416x312.jpg 416w\" sizes=\"(max-width: 300px) 100vw, 300px\" \/>\t\t\t\t\t\t\t\t\t\t\t\t\t\t<\/div>\n\t\t\t\t\t\t<\/div>\n\t\t\t\t<\/div>\n\t\t\t\t<div class=\"elementor-element elementor-element-1f62b8a elementor-widget elementor-widget-text-editor\" data-id=\"1f62b8a\" data-element_type=\"widget\" data-widget_type=\"text-editor.default\">\n\t\t\t\t<div class=\"elementor-widget-container\">\n\t\t\t\t\t\t\t\t<div class=\"elementor-text-editor elementor-clearfix\">\n\t\t\t\t\t<p>Participer \u00e0 un atelier<\/p>\t\t\t\t\t<\/div>\n\t\t\t\t\t\t<\/div>\n\t\t\t\t<\/div>\n\t\t\t\t<div class=\"elementor-element elementor-element-0ba7135 elementor-widget elementor-widget-spacer\" data-id=\"0ba7135\" data-element_type=\"widget\" data-widget_type=\"spacer.default\">\n\t\t\t\t<div class=\"elementor-widget-container\">\n\t\t\t\t\t<div class=\"elementor-spacer\">\n\t\t\t<div class=\"elementor-spacer-inner\"><\/div>\n\t\t<\/div>\n\t\t\t\t<\/div>\n\t\t\t\t<\/div>\n\t\t\t\t<div class=\"elementor-element elementor-element-bc9a206 elementor-align-center elementor-widget elementor-widget-button\" data-id=\"bc9a206\" data-element_type=\"widget\" data-widget_type=\"button.default\">\n\t\t\t\t<div class=\"elementor-widget-container\">\n\t\t\t\t\t<div class=\"elementor-button-wrapper\">\n\t\t\t<a href=\"https:\/\/secretdespierres.com\/index.php\/ateliers\/\" class=\"elementor-button-link elementor-button elementor-size-sm\" role=\"button\">\n\t\t\t\t\t\t<span class=\"elementor-button-content-wrapper\">\n\t\t\t\t\t\t<span class=\"elementor-button-text\">Voir le programme<\/span>\n\t\t<\/span>\n\t\t\t\t\t<\/a>\n\t\t<\/div>\n\t\t\t\t<\/div>\n\t\t\t\t<\/div>\n\t\t\t\t\t\t<\/div>\n\t\t\t\t\t<\/div>\n\t\t<\/div>\n\t\t\t\t\t\t\t\t<\/div>\n\t\t\t\t\t<\/div>\n\t\t<\/section>\n\t\t\t\t<section class=\"elementor-section elementor-top-section elementor-element elementor-element-5329b6c elementor-section-boxed elementor-section-height-default elementor-section-height-default\" data-id=\"5329b6c\" data-element_type=\"section\">\n\t\t\t\t\t\t<div class=\"elementor-container elementor-column-gap-default\">\n\t\t\t\t\t\t\t<div class=\"elementor-row\">\n\t\t\t\t\t<div class=\"elementor-column elementor-col-20 elementor-top-column elementor-element elementor-element-0be60a8\" data-id=\"0be60a8\" data-element_type=\"column\">\n\t\t\t<div class=\"elementor-column-wrap elementor-element-populated\">\n\t\t\t\t\t\t\t<div class=\"elementor-widget-wrap\">\n\t\t\t\t\t\t<div class=\"elementor-element elementor-element-6e8c5af elementor-view-default elementor-widget elementor-widget-icon\" data-id=\"6e8c5af\" data-element_type=\"widget\" data-widget_type=\"icon.default\">\n\t\t\t\t<div class=\"elementor-widget-container\">\n\t\t\t\t\t<div class=\"elementor-icon-wrapper\">\n\t\t\t<div class=\"elementor-icon\">\n\t\t\t<i aria-hidden=\"true\" class=\"fas fa-check\"><\/i>\t\t\t<\/div>\n\t\t<\/div>\n\t\t\t\t<\/div>\n\t\t\t\t<\/div>\n\t\t\t\t<div class=\"elementor-element elementor-element-3cc8320 elementor-widget elementor-widget-heading\" data-id=\"3cc8320\" data-element_type=\"widget\" data-widget_type=\"heading.default\">\n\t\t\t\t<div class=\"elementor-widget-container\">\n\t\t\t<h5 class=\"elementor-heading-title elementor-size-default\">Paiement s\u00e9curis\u00e9<\/h5>\t\t<\/div>\n\t\t\t\t<\/div>\n\t\t\t\t\t\t<\/div>\n\t\t\t\t\t<\/div>\n\t\t<\/div>\n\t\t\t\t<div class=\"elementor-column elementor-col-20 elementor-top-column elementor-element elementor-element-c915de7\" data-id=\"c915de7\" data-element_type=\"column\">\n\t\t\t<div class=\"elementor-column-wrap\">\n\t\t\t\t\t\t\t<div class=\"elementor-widget-wrap\">\n\t\t\t\t\t\t\t\t<\/div>\n\t\t\t\t\t<\/div>\n\t\t<\/div>\n\t\t\t\t<div class=\"elementor-column elementor-col-20 elementor-top-column elementor-element elementor-element-95eaa6c\" data-id=\"95eaa6c\" data-element_type=\"column\">\n\t\t\t<div class=\"elementor-column-wrap elementor-element-populated\">\n\t\t\t\t\t\t\t<div class=\"elementor-widget-wrap\">\n\t\t\t\t\t\t<div class=\"elementor-element elementor-element-5d24cb5 elementor-view-default elementor-widget elementor-widget-icon\" data-id=\"5d24cb5\" data-element_type=\"widget\" data-widget_type=\"icon.default\">\n\t\t\t\t<div class=\"elementor-widget-container\">\n\t\t\t\t\t<div class=\"elementor-icon-wrapper\">\n\t\t\t<div class=\"elementor-icon\">\n\t\t\t<i aria-hidden=\"true\" class=\"fas fa-map-marker-alt\"><\/i>\t\t\t<\/div>\n\t\t<\/div>\n\t\t\t\t<\/div>\n\t\t\t\t<\/div>\n\t\t\t\t<div class=\"elementor-element elementor-element-a05af25 elementor-widget elementor-widget-heading\" data-id=\"a05af25\" data-element_type=\"widget\" data-widget_type=\"heading.default\">\n\t\t\t\t<div class=\"elementor-widget-container\">\n\t\t\t<h5 class=\"elementor-heading-title elementor-size-default\">Artisanat Fran\u00e7ais<\/h5>\t\t<\/div>\n\t\t\t\t<\/div>\n\t\t\t\t\t\t<\/div>\n\t\t\t\t\t<\/div>\n\t\t<\/div>\n\t\t\t\t<div class=\"elementor-column elementor-col-20 elementor-top-column elementor-element elementor-element-0c7b560\" data-id=\"0c7b560\" data-element_type=\"column\">\n\t\t\t<div class=\"elementor-column-wrap\">\n\t\t\t\t\t\t\t<div class=\"elementor-widget-wrap\">\n\t\t\t\t\t\t\t\t<\/div>\n\t\t\t\t\t<\/div>\n\t\t<\/div>\n\t\t\t\t<div class=\"elementor-column elementor-col-20 elementor-top-column elementor-element elementor-element-5179a44\" data-id=\"5179a44\" data-element_type=\"column\">\n\t\t\t<div class=\"elementor-column-wrap elementor-element-populated\">\n\t\t\t\t\t\t\t<div class=\"elementor-widget-wrap\">\n\t\t\t\t\t\t<div class=\"elementor-element elementor-element-0bf8a35 elementor-view-default elementor-widget elementor-widget-icon\" data-id=\"0bf8a35\" data-element_type=\"widget\" data-widget_type=\"icon.default\">\n\t\t\t\t<div class=\"elementor-widget-container\">\n\t\t\t\t\t<div class=\"elementor-icon-wrapper\">\n\t\t\t<div class=\"elementor-icon\">\n\t\t\t<i aria-hidden=\"true\" class=\"fas fa-globe\"><\/i>\t\t\t<\/div>\n\t\t<\/div>\n\t\t\t\t<\/div>\n\t\t\t\t<\/div>\n\t\t\t\t<div class=\"elementor-element elementor-element-996ec6a elementor-widget elementor-widget-heading\" data-id=\"996ec6a\" data-element_type=\"widget\" data-widget_type=\"heading.default\">\n\t\t\t\t<div class=\"elementor-widget-container\">\n\t\t\t<h5 class=\"elementor-heading-title elementor-size-default\">Livraison suivie en France, Europe et DOM-TOM<\/h5>\t\t<\/div>\n\t\t\t\t<\/div>\n\t\t\t\t\t\t<\/div>\n\t\t\t\t\t<\/div>\n\t\t<\/div>\n\t\t\t\t\t\t\t\t<\/div>\n\t\t\t\t\t<\/div>\n\t\t<\/section>\n\t\t\t\t<section class=\"elementor-section elementor-top-section elementor-element elementor-element-dc53ee7 elementor-section-full_width elementor-section-stretched elementor-section-height-default elementor-section-height-default\" data-id=\"dc53ee7\" data-element_type=\"section\" data-settings=\"{&quot;stretch_section&quot;:&quot;section-stretched&quot;}\">\n\t\t\t\t\t\t<div class=\"elementor-container elementor-column-gap-default\">\n\t\t\t\t\t\t\t<div class=\"elementor-row\">\n\t\t\t\t\t<div class=\"elementor-column elementor-col-100 elementor-top-column elementor-element elementor-element-c10d1f9\" data-id=\"c10d1f9\" data-element_type=\"column\">\n\t\t\t<div class=\"elementor-column-wrap elementor-element-populated\">\n\t\t\t\t\t\t\t<div class=\"elementor-widget-wrap\">\n\t\t\t\t\t\t<div class=\"elementor-element elementor-element-28eff02 elementor-widget elementor-widget-text-editor\" data-id=\"28eff02\" data-element_type=\"widget\" data-widget_type=\"text-editor.default\">\n\t\t\t\t<div class=\"elementor-widget-container\">\n\t\t\t\t\t\t\t\t<div class=\"elementor-text-editor elementor-clearfix\">\n\t\t\t\t\t<div dir=\"ltr\" data-setdir=\"false\"><span style=\"font-size: 8pt;\">Secret des Pierres,\u00a0bracelet chemin de vie,\u00a0bracelet personnalis\u00e9s,\u00a0bracelet hommes,\u00a0sautoir en pierres,\u00a0bijoux,\u00a0bijoux en pierre,\u00a0lithoth\u00e9rapie,\u00a0pierres semi pr\u00e9cieuses,\u00a0th\u00e9 chakra,\u00a0bougies,\u00a0porte-encens,\u00a0artisans fran\u00e7ais,\u00a0<\/span><span style=\"font-size: 8pt;\">7 chakras,\u00a0pendules,\u00a0huiles essentielles,\u00a0pierres, Secret des Pierres,\u00a0bracelet chemin de vie,\u00a0bracelet personnalis\u00e9s,\u00a0bracelet hommes,\u00a0sautoir en pierres,\u00a0bijoux,\u00a0bijoux en pierre,\u00a0lithoth\u00e9rapie,\u00a0pierres semi pr\u00e9cieuses,\u00a0th\u00e9 chakra,\u00a0bougies,\u00a0porte-encens,\u00a0artisans fran\u00e7ais,\u00a07 chakras,\u00a0pendules,\u00a0huiles essentielles,\u00a0pierres<\/span><\/div>\t\t\t\t\t<\/div>\n\t\t\t\t\t\t<\/div>\n\t\t\t\t<\/div>\n\t\t\t\t\t\t<\/div>\n\t\t\t\t\t<\/div>\n\t\t<\/div>\n\t\t\t\t\t\t\t\t<\/div>\n\t\t\t\t\t<\/div>\n\t\t<\/section>\n\t\t\t\t\t\t<\/div>\n\t\t\t\t\t\t<\/div>\n\t\t\t\t\t<\/div>\n\t\t","protected":false},"excerpt":{"rendered":"<p>Secret des Pierres,\u00a0bracelet chemin de vie,\u00a0bracelet personnalis\u00e9s,\u00a0bracelet hommes,\u00a0sautoir en pierres,\u00a0bijoux,\u00a0bijoux en pierre,\u00a0lithoth\u00e9rapie,\u00a0pierres semi pr\u00e9cieuses,\u00a0th\u00e9 chakra,\u00a0bougies,\u00a0porte-encens,\u00a0artisans fran\u00e7ais,\u00a07 chakras,\u00a0pendules,\u00a0huiles essentielles,\u00a0pierres, Secret des Pierres,\u00a0bracelet chemin de vie,\u00a0bracelet personnalis\u00e9s,\u00a0bracelet hommes,\u00a0sautoir en pierres,\u00a0bijoux,\u00a0bijoux en pierre,\u00a0lithoth\u00e9rapie,\u00a0pierres semi pr\u00e9cieuses,\u00a0th\u00e9 chakra,\u00a0bougies,\u00a0porte-encens,\u00a0artisans fran\u00e7ais,\u00a07 chakras,\u00a0pendules,\u00a0huiles essentielles,\u00a0pierres Secret des Pierres est une coop\u00e9rative des artisans du bien \u00eatre Secret des Pierres,\u00a0bracelet chemin de vie,\u00a0bracelet personnalis\u00e9s,\u00a0bracelet hommes,\u00a0sautoir [&hellip;]<\/p>\n","protected":false},"author":1,"featured_media":0,"parent":0,"menu_order":0,"comment_status":"closed","ping_status":"closed","template":"","meta":[],"_links":{"self":[{"href":"https:\/\/secretdespierres.com\/index.php\/wp-json\/wp\/v2\/pages\/28"}],"collection":[{"href":"https:\/\/secretdespierres.com\/index.php\/wp-json\/wp\/v2\/pages"}],"about":[{"href":"https:\/\/secretdespierres.com\/index.php\/wp-json\/wp\/v2\/types\/page"}],"author":[{"embeddable":true,"href":"https:\/\/secretdespierres.com\/index.php\/wp-json\/wp\/v2\/users\/1"}],"replies":[{"embeddable":true,"href":"https:\/\/secretdespierres.com\/index.php\/wp-json\/wp\/v2\/comments?post=28"}],"version-history":[{"count":107,"href":"https:\/\/secretdespierres.com\/index.php\/wp-json\/wp\/v2\/pages\/28\/revisions"}],"predecessor-version":[{"id":1456,"href":"https:\/\/secretdespierres.com\/index.php\/wp-json\/wp\/v2\/pages\/28\/revisions\/1456"}],"wp:attachment":[{"href":"https:\/\/secretdespierres.com\/index.php\/wp-json\/wp\/v2\/media?parent=28"}],"curies":[{"name":"wp","href":"https:\/\/api.w.org\/{rel}","templated":true}]}}