{"id":41,"date":"2020-11-30T16:21:18","date_gmt":"2020-11-30T15:21:18","guid":{"rendered":"http:\/\/secretdespierres.com\/?page_id=41"},"modified":"2021-03-05T16:27:07","modified_gmt":"2021-03-05T15:27:07","slug":"mentions-legales","status":"publish","type":"page","link":"https:\/\/secretdespierres.com\/index.php\/mentions-legales\/","title":{"rendered":"Mentions l\u00e9gales"},"content":{"rendered":"\t\t<div data-elementor-type=\"wp-page\" data-elementor-id=\"41\" class=\"elementor elementor-41\" data-elementor-settings=\"[]\">\n\t\t\t\t\t\t<div class=\"elementor-inner\">\n\t\t\t\t\t\t\t<div class=\"elementor-section-wrap\">\n\t\t\t\t\t\t\t<section class=\"elementor-section elementor-top-section elementor-element elementor-element-ef9446e elementor-section-boxed elementor-section-height-default elementor-section-height-default\" data-id=\"ef9446e\" data-element_type=\"section\">\n\t\t\t\t\t\t<div class=\"elementor-container elementor-column-gap-default\">\n\t\t\t\t\t\t\t<div class=\"elementor-row\">\n\t\t\t\t\t<div class=\"elementor-column elementor-col-100 elementor-top-column elementor-element elementor-element-c95a680\" data-id=\"c95a680\" data-element_type=\"column\">\n\t\t\t<div class=\"elementor-column-wrap elementor-element-populated\">\n\t\t\t\t\t\t\t<div class=\"elementor-widget-wrap\">\n\t\t\t\t\t\t<div class=\"elementor-element elementor-element-1f94b4f elementor-widget elementor-widget-text-editor\" data-id=\"1f94b4f\" data-element_type=\"widget\" data-widget_type=\"text-editor.default\">\n\t\t\t\t<div class=\"elementor-widget-container\">\n\t\t\t\t\t\t\t\t<div class=\"elementor-text-editor elementor-clearfix\">\n\t\t\t\t\t<p>Conform\u00e9ment aux dispositions de la loi n\u00b02004-575 du 21 juin 2004 pour la confiance en l\u2019\u00e9conomie num\u00e9rique, il est pr\u00e9cis\u00e9 aux utilisateurs du site <strong>secretdespierres.com<\/strong>\u00a0l\u2019identit\u00e9 des diff\u00e9rents intervenants dans le cadre de sa r\u00e9alisation et de son suivi.<\/p><h2>EDITION DU SITE<\/h2><p>Le site\u00a0<span style=\"font-weight: 600;\">secretdespierres.com<\/span>\u00a0est \u00e9dit\u00e9 par la soci\u00e9t\u00e9 <a href=\"http:\/\/bulledecomm.fr\">bulle de comm\u2019<\/a>, Micro-entreprise sise au 612 ch. de l\u2019Escours, 06480 La Colle sur Loup.<\/p><h2>COORDONN\u00c9ES<\/h2><h3>EDITEUR<\/h3><p><strong>bulle\u00a0de\u00a0comm\u2019<\/strong><br \/>612 ch. de l\u2019Escours<br \/>06480 La Colle sur Loup<br \/>France<\/p><p><strong>Mail :<\/strong>\u00a0<a href=\"mailto:contact@auto-entrepreneur.fr\">contact@bulledecomm.fr<\/a><\/p><h3>H\u00c9BERGEUR<\/h3><p><strong>SARL OVH<\/strong><br \/>140, quai du Sartel<br \/>59 100 Roubaix<br \/>France<\/p><p><strong>Mail :<\/strong>\u00a0<a href=\"mailto:support@ovh.com\">support@ovh.com<\/a><br \/><strong>T\u00e9l\u00e9phone :\u00a0<\/strong>0 899 701 761<\/p><h3>SITE<\/h3><p><strong>secretdespierres.com<\/strong><br \/>638 chemin du Pioulier<br \/>06140 VENCE<br \/>France<\/p><p><strong>Mail :<\/strong>\u00a0<a href=\"mailto:contact@secretdespierres.com\">contact@secretdespierres.com<\/a><\/p><h2>DONN\u00c9ES PERSONNELLES<\/h2><p>Vous b\u00e9n\u00e9ficiez d\u2019un droit d\u2019acc\u00e8s et de rectification aux informations qui vous concernent, que vous pouvez exercer en nous adressant une demande \u00e0\u00a0<a href=\"mailto:contact@secretdespierres.com\">contact@secretdespierres.com.<\/a> Vous pouvez \u00e9galement, pour motif l\u00e9gitime, vous opposer au traitement des donn\u00e9es vous concernant.<\/p><h2>COOKIES<\/h2><p>Nous faisons usage de cookies qui ont pour but de signaler votre passage sur notre site. Ces \u00ab\u00a0cookies\u00a0\u00bb ne permettent pas de vous identifier personnellement mais, d\u2019une mani\u00e8re g\u00e9n\u00e9rale, d\u2019enregistrer des informations relatives \u00e0 la navigation de votre ordinateur sur le Site Internet (pages consult\u00e9es, dates et heures de consultation\u2026).<\/p><p>Ces informations seront reconnues et lues par le Site Internet lors de votre prochaine visite afin de la faciliter. Ces informations nous permettront ainsi d\u2019am\u00e9liorer notre site pour mieux r\u00e9pondre \u00e0 vos besoins. Elles ne seront en aucun cas c\u00e9d\u00e9es \u00e0 des tiers.<\/p><p>Un \u00ab\u00a0cookie\u00a0\u00bb est simplement un moyen d\u2019enregistrer les statistiques du site pour mieux comprendre les modes d\u2019usage et am\u00e9liorer l\u2019ergonomie. Votre identit\u00e9 ne pourra \u00eatre connue.<\/p><p>Nous vous rappelons que votre navigateur poss\u00e8de des fonctionnalit\u00e9s qui vous permettent de vous opposer \u00e0 l\u2019enregistrement de \u00ab\u00a0cookies\u00a0\u00bb, d\u2019\u00eatre pr\u00e9venu avant d\u2019accepter les cookies, ou de les effacer.<\/p><p>Vous pouvez d\u00e9sactiver ou supprimer les \u00ab\u00a0cookies\u00a0\u00bb en modifiant les param\u00e8tres de votre navigateur Internet.<\/p><p>Pour plus d\u2019informations sur les cookies, vous pouvez consulter le site de la CNIL (www.cnil.fr).<\/p><h2>LIENS HYPERTEXTES<\/h2><p>La cr\u00e9ation de liens hypertextes vers le site \u00ab\u00a0bulledecomm.fr\u00a0\u00bb est soumis \u00e0 l\u2019accord pr\u00e9alable du Directeur. Les liens hypertextes \u00e9tablis en direction d\u2019autres sites \u00e0 partir de <strong>secretdespierres.com<\/strong><span style=\"color: #191e23;\"><b>\u00a0<\/b><\/span>ne sauraient, en aucun cas, engager la responsabilit\u00e9 de l\u2019entreprise bulle de comm\u2019.<\/p><h2>DROITS D\u2019AUTEURS<\/h2><p>La reproduction ou repr\u00e9sentation, int\u00e9grale ou partielle, des pages, des donn\u00e9es et de toute autre \u00e9l\u00e9ment constitutif au site, par quelque proc\u00e9d\u00e9 ou support que ce soit, est interdite et constitue sans autorisation de l\u2019\u00e9diteur une contrefa\u00e7on.<\/p><h2>DROIT APPLICABLE \u2013 COMP\u00c9TENCE<\/h2><p>Le pr\u00e9sent site est soumis au droit fran\u00e7ais. En cas de litige, et apr\u00e8s tentative de recherche d\u2019une solution amiable, comp\u00e9tence expresse est attribu\u00e9e suivant l\u2019objet au Tribunal de Commerce de Nice.<\/p>\t\t\t\t\t<\/div>\n\t\t\t\t\t\t<\/div>\n\t\t\t\t<\/div>\n\t\t\t\t\t\t<\/div>\n\t\t\t\t\t<\/div>\n\t\t<\/div>\n\t\t\t\t\t\t\t\t<\/div>\n\t\t\t\t\t<\/div>\n\t\t<\/section>\n\t\t\t\t<section class=\"elementor-section elementor-top-section elementor-element elementor-element-bba362f elementor-section-full_width elementor-section-stretched elementor-section-height-default elementor-section-height-default\" data-id=\"bba362f\" data-element_type=\"section\" data-settings=\"{&quot;stretch_section&quot;:&quot;section-stretched&quot;}\">\n\t\t\t\t\t\t<div class=\"elementor-container elementor-column-gap-default\">\n\t\t\t\t\t\t\t<div class=\"elementor-row\">\n\t\t\t\t\t<div class=\"elementor-column elementor-col-100 elementor-top-column elementor-element elementor-element-6955a93\" data-id=\"6955a93\" data-element_type=\"column\">\n\t\t\t<div class=\"elementor-column-wrap elementor-element-populated\">\n\t\t\t\t\t\t\t<div class=\"elementor-widget-wrap\">\n\t\t\t\t\t\t<div class=\"elementor-element elementor-element-3671381 elementor-widget elementor-widget-text-editor\" data-id=\"3671381\" data-element_type=\"widget\" data-widget_type=\"text-editor.default\">\n\t\t\t\t<div class=\"elementor-widget-container\">\n\t\t\t\t\t\t\t\t<div class=\"elementor-text-editor elementor-clearfix\">\n\t\t\t\t\t<div dir=\"ltr\" data-setdir=\"false\"><span style=\"font-size: 8pt;\">Secret des Pierres,\u00a0bracelet chemin de vie,\u00a0bracelet personnalis\u00e9s,\u00a0bracelet hommes,\u00a0sautoir en pierres,\u00a0bijoux,\u00a0bijoux en pierre,\u00a0lithoth\u00e9rapie,\u00a0pierres semi pr\u00e9cieuses,\u00a0th\u00e9 chakra,\u00a0bougies,\u00a0porte-encens,\u00a0artisans fran\u00e7ais,\u00a0<\/span><span style=\"font-size: 8pt;\">7 chakras,\u00a0pendules,\u00a0huiles essentielles,\u00a0pierres, Secret des Pierres,\u00a0bracelet chemin de vie,\u00a0bracelet personnalis\u00e9s,\u00a0bracelet hommes,\u00a0sautoir en pierres,\u00a0bijoux,\u00a0bijoux en pierre,\u00a0lithoth\u00e9rapie,\u00a0pierres semi pr\u00e9cieuses,\u00a0th\u00e9 chakra,\u00a0bougies,\u00a0porte-encens,\u00a0artisans fran\u00e7ais,\u00a07 chakras,\u00a0pendules,\u00a0huiles essentielles,\u00a0pierres<\/span><\/div>\t\t\t\t\t<\/div>\n\t\t\t\t\t\t<\/div>\n\t\t\t\t<\/div>\n\t\t\t\t\t\t<\/div>\n\t\t\t\t\t<\/div>\n\t\t<\/div>\n\t\t\t\t\t\t\t\t<\/div>\n\t\t\t\t\t<\/div>\n\t\t<\/section>\n\t\t\t\t\t\t<\/div>\n\t\t\t\t\t\t<\/div>\n\t\t\t\t\t<\/div>\n\t\t","protected":false},"excerpt":{"rendered":"<p>Conform\u00e9ment aux dispositions de la loi n\u00b02004-575 du 21 juin 2004 pour la confiance en l\u2019\u00e9conomie num\u00e9rique, il est pr\u00e9cis\u00e9 aux utilisateurs du site secretdespierres.com\u00a0l\u2019identit\u00e9 des diff\u00e9rents intervenants dans le cadre de sa r\u00e9alisation et de son suivi. EDITION DU SITE Le site\u00a0secretdespierres.com\u00a0est \u00e9dit\u00e9 par la soci\u00e9t\u00e9 bulle de comm\u2019, Micro-entreprise sise au 612 ch. [&hellip;]<\/p>\n","protected":false},"author":1,"featured_media":0,"parent":0,"menu_order":0,"comment_status":"closed","ping_status":"closed","template":"","meta":[],"_links":{"self":[{"href":"https:\/\/secretdespierres.com\/index.php\/wp-json\/wp\/v2\/pages\/41"}],"collection":[{"href":"https:\/\/secretdespierres.com\/index.php\/wp-json\/wp\/v2\/pages"}],"about":[{"href":"https:\/\/secretdespierres.com\/index.php\/wp-json\/wp\/v2\/types\/page"}],"author":[{"embeddable":true,"href":"https:\/\/secretdespierres.com\/index.php\/wp-json\/wp\/v2\/users\/1"}],"replies":[{"embeddable":true,"href":"https:\/\/secretdespierres.com\/index.php\/wp-json\/wp\/v2\/comments?post=41"}],"version-history":[{"count":13,"href":"https:\/\/secretdespierres.com\/index.php\/wp-json\/wp\/v2\/pages\/41\/revisions"}],"predecessor-version":[{"id":1443,"href":"https:\/\/secretdespierres.com\/index.php\/wp-json\/wp\/v2\/pages\/41\/revisions\/1443"}],"wp:attachment":[{"href":"https:\/\/secretdespierres.com\/index.php\/wp-json\/wp\/v2\/media?parent=41"}],"curies":[{"name":"wp","href":"https:\/\/api.w.org\/{rel}","templated":true}]}}