{"id":57,"date":"2020-11-30T16:25:39","date_gmt":"2020-11-30T15:25:39","guid":{"rendered":"http:\/\/secretdespierres.com\/?page_id=57"},"modified":"2021-03-08T12:40:16","modified_gmt":"2021-03-08T11:40:16","slug":"notre-histoire","status":"publish","type":"page","link":"https:\/\/secretdespierres.com\/index.php\/notre-histoire\/","title":{"rendered":"Notre histoire"},"content":{"rendered":"\t\t<div data-elementor-type=\"wp-page\" data-elementor-id=\"57\" class=\"elementor elementor-57\" data-elementor-settings=\"[]\">\n\t\t\t\t\t\t<div class=\"elementor-inner\">\n\t\t\t\t\t\t\t<div class=\"elementor-section-wrap\">\n\t\t\t\t\t\t\t<section class=\"elementor-section elementor-top-section elementor-element elementor-element-e4059f5 elementor-section-boxed elementor-section-height-default elementor-section-height-default\" data-id=\"e4059f5\" data-element_type=\"section\">\n\t\t\t\t\t\t<div class=\"elementor-container elementor-column-gap-default\">\n\t\t\t\t\t\t\t<div class=\"elementor-row\">\n\t\t\t\t\t<div class=\"elementor-column elementor-col-100 elementor-top-column elementor-element elementor-element-fd930ef\" data-id=\"fd930ef\" data-element_type=\"column\">\n\t\t\t<div class=\"elementor-column-wrap elementor-element-populated\">\n\t\t\t\t\t\t\t<div class=\"elementor-widget-wrap\">\n\t\t\t\t\t\t<div class=\"elementor-element elementor-element-bc32545 elementor-widget elementor-widget-text-editor\" data-id=\"bc32545\" data-element_type=\"widget\" data-widget_type=\"text-editor.default\">\n\t\t\t\t<div class=\"elementor-widget-container\">\n\t\t\t\t\t\t\t\t<div class=\"elementor-text-editor elementor-clearfix\">\n\t\t\t\t\t<p>Je me pr\u00e9nomme Natacha, j&rsquo;ai 40 ans, j&rsquo;ai d\u00e9couvert les pierres \u00e0 l&rsquo;\u00e2ge de 8 ans gr\u00e2ce \u00e0 mes grands parents.<span class=\"Apple-converted-space\">&nbsp;<\/span>Puis j\u2019ai grandi en oubliant un peu ma passion. Ce n\u2019est qu\u2019\u00e0 l\u2019\u00e2ge de 30 ans que je m\u2019y suis int\u00e9ress\u00e9e de nouveau suite \u00e0 un \u00e9v\u00e9nement difficile qui gr\u00e2ce au ciel s\u2019est bien termin\u00e9, voici l\u2019histoire&nbsp;: <span class=\"Apple-converted-space\">j<\/span>\u2019avais sympathis\u00e9 avec une nouvelle amie depuis 1 an quand soudain, son mari nous apprend qu\u2019elle a fait une rupture d\u2019an\u00e9vrisme. Ne sachant pas quoi faire \u00e9videmment je ne suis pas m\u00e9decin, j\u2019ai d\u00e9couvert sur internet que la lithoth\u00e9rapie pouvait l\u2019aider&nbsp;! Je me suis rendue dans un magasin de pierres, j\u2019ai expliqu\u00e9 ce que je recherchais, et la personne m\u2019a guid\u00e9e pour trouver 2 pierres pour mon amie, et quelques semaines plus tard, elle m\u2019a dit&nbsp;: tes pierres ont \u00e9t\u00e9 d\u2019un grand r\u00e9confort . Depuis ce jour<span class=\"Apple-converted-space\">&nbsp;<\/span>je lis des livres et participe \u00e0 des formations en lithoth\u00e9rapie pour apprendre<span class=\"Apple-converted-space\">&nbsp;<\/span>et pour pouvoir aider et guider \u00e0 mon tour les personnes qui souhaitent se soulager \u00e9motionnellement gr\u00e2ce aux pierres\u2026.<\/p>\n<p>J\u2019ai cr\u00e9\u00e9 ce site afin de partager avec vous les bienfaits des pierres, dans l\u2019espoir d\u2019\u00e9clairer et de guider les personnes dans leur vie, lors de situations difficiles ou tout simplement par amour des pierres. Je pense que chaque personne est unique et qu\u2019elle m\u00e9rite un bijou unique \u00e9galement&nbsp;! Agr\u00e9ablement surprise de voir, que des milliers de personnes aujourd\u2019hui portent des bracelets en pierres, les miens seront \u00e0 votre image, selon vos besoins,<span class=\"Apple-converted-space\">&nbsp; <\/span>personnalis\u00e9s de A \u00e0 Z, faits uniquement pour vous et avec vous. Tous les bracelets chemin de vie personnalis\u00e9s sont r\u00e9alis\u00e9s avec soin et amour, avec une recherche particuli\u00e8re pour votre bien-\u00eatre et, afin qu\u2019ils soient en juste r\u00e9sonance avec vous.<span class=\"Apple-converted-space\">&nbsp;<\/span><\/p>\n<p><strong>Respectez vos pierres, elles vous apporteront tout ce qu\u2019elles peuvent pour vous satisfaire.<\/strong><\/p>\n<p>Vous trouverez \u00e9galement des bijoux d\u00e9j\u00e0 r\u00e9alis\u00e9s, ils ont \u00e9t\u00e9 choisis pour leur connexion soit au niveau des symboles soit pour leur utilit\u00e9 qui parfois est double, triple \u2026 et pour les autres produits ils sont r\u00e9alis\u00e9s \u00e0 90% par des artisans Fran\u00e7ais qui aiment leur travail, qui le respectent, avec un sens de l\u2019\u00e9thique, de l\u2019esth\u00e9tique, qui travaillent avec amour, conscience et bienveillance.<\/p>\n<p>Avant de vous pr\u00e9senter notre belle \u00e9quipe, qui a \u00e9t\u00e9 choisie pour les valeurs de chacun, je souhaite les remercier pour leur confiance en moi et en mon projet. Alors un grand merci \u00e0 Julia, Mathilde, Sophie, Sylvie, Mich\u00e8le, Floriane, St\u00e9phane et Laurent<span class=\"Apple-converted-space\">&nbsp;<\/span>pour votre travail fait avec amour, et pour votre confiance en moi. Merci d\u2019avoir cr\u00e9\u00e9 ensemble cette belle et merveilleuse \u00e9quipe. Merci<span class=\"Apple-converted-space\">&nbsp;<\/span>aussi pour les personnes que vous \u00eates, pour votre joie de vivre, votre bonne humeur, votre passion, vos comp\u00e9tences et votre cr\u00e9ativit\u00e9 et f\u00e9licitations pour avoir r\u00e9ussi \u00e0 transcender les \u00e9preuves de la vie et d\u2019en avoir fait votre force, qui permettra \u00e0 nos clients d\u2019en ressentir les belles et bonnes \u00e9nergies pour les accompagner sur ce chemin de transformation.<\/p>\n<p><span style=\"text-decoration: underline;\">Pour commencer il y a&nbsp;:<\/span><\/p>\n<p>Julia qui cr\u00e9e le site, je l\u2019ai choisi car c\u2019est une personne qui aime son travail et qui est positive quel que soit la situation. C\u2019est un plaisir de travailler avec Julia, c\u2019est un rayon de soleil.&nbsp;<a style=\"font-family: var( --e-global-typography-text-font-family ), Sans-serif;\" href=\"http:\/\/bulledecomm.fr\/wp-admin\/\" target=\"_blank\" rel=\"noopener\">Voir son site internet.<\/a><\/p>\n<p>Mathilde est maitre Reiki, elle propose des bijoux connect\u00e9s, pas des bijoux connect\u00e9s \u00e0 internet\u2026 mais avec vous, pour vous&nbsp;! remplie de joie et de bont\u00e9 malgr\u00e9 les \u00e9v\u00e8nements de la vie qui ne l\u2019ont pas \u00e9pargn\u00e9e, elle a su les transformer, c\u2019est une personne formidable et vraie.&nbsp;<a style=\"font-family: var( --e-global-typography-text-font-family ), Sans-serif;\" href=\"https:\/\/secretdespierres.com\/index.php\/categorie-produit\/bijoux\/bijoux-coup-de-coeur-de-mes-creatrices-preferees\/collection-de-mathilde\/\" target=\"_blank\" rel=\"noopener\">Voir ses cr\u00e9ations.<\/a><\/p>\n<p>Sophie est une personne passionn\u00e9e qui a une belle \u00e9nergie et un sourire \u00e0 vous donner le moral pour toute la journ\u00e9e.&nbsp;<a style=\"font-family: var( --e-global-typography-text-font-family ), Sans-serif;\" href=\"https:\/\/secretdespierres.com\/index.php\/categorie-produit\/bijoux\/bijoux-coup-de-coeur-de-mes-creatrices-preferees\/collection-de-sophie\/\" target=\"_blank\" rel=\"noopener\">Voir ses cr\u00e9ations.<\/a><\/p>\n<p>Sylvie<span class=\"Apple-converted-space\">&nbsp;<\/span>est une<span class=\"Apple-converted-space\">&nbsp;<\/span>ma\u00eetre lahochi, avec un humour<span class=\"Apple-converted-space\">&nbsp;<\/span>d\u00e9coiffant \u00e0 vous faire mourir de rire&nbsp;! C\u2019est une personne passionn\u00e9e qui aime le travail bien fait , naturel et fait main, c\u2019est Sylvie qui r\u00e9alise les bougies.<\/p>\n<p>Mich\u00e9le est<span class=\"Apple-converted-space\">&nbsp;<\/span>courageuse, souriante, bavarde et pleine d\u2019humour. En plus d\u2019\u00eatre dou\u00e9e en num\u00e9rologie elle est rayonnante de joie. C\u2019est elle qui r\u00e9alise votre th\u00e8me en num\u00e9rologie.<\/p>\n<p>Floriane est une personne douce, patiente, positive et serviable. Elle a un tr\u00e8s grand talent de photographe.&nbsp;<a style=\"font-family: var( --e-global-typography-text-font-family ), Sans-serif;\" href=\"http:\/\/efel-photographie.fr\" target=\"_blank\" rel=\"noopener\">Voir son site<\/a>.<\/p>\n<p>Laurent est<span class=\"Apple-converted-space\">&nbsp;<\/span>g\u00e9obiologue, il est passionn\u00e9, cr\u00e9atif, inventif, et toujours de bonne humeur.<span class=\"Apple-converted-space\">&nbsp; <\/span>Il a pr\u00e9vu une collection pour cette \u00e9t\u00e9 avec des produits totalement novateurs, qui je suis s\u00fbre vous plaira&nbsp;! Il r\u00e9alise les fleurs de vie en cuivre, et bien plus encore, orgonites et pendules\u2026<\/p>\n<p>St\u00e9phane est lithoth\u00e9rapeute depuis 27 ans, il est passionn\u00e9, aime les gens,<span class=\"Apple-converted-space\">&nbsp;<\/span>m\u2019aide et m\u2019apprend chaque jour, c\u2019est mon mentor, tol\u00e9rant, g\u00e9n\u00e9reux, gentil et de bons conseils&nbsp;!<\/p>\n<p>Et moi Natacha, je suis une chercheuse de bien-\u00eatre en permanence, les pierres, les livres, les soins, les senteurs,<span class=\"Apple-converted-space\">&nbsp; <\/span>la musique\u2026mon objectif est d\u2019\u00e9clairer les personnes, pour une vie meilleure et un horizon plus vaste&#8230; . Il y a tellement de choses que l\u2019on ne connait pas et pourtant \u2026 si je peux leur donner un coup de pouce, c\u2019est avec plaisir. J&rsquo;ai mon deuxi\u00e8me degr\u00e9 de Re\u00efki et je suis en passe de devenir Ma\u00eetre Re\u00efki.&nbsp;<\/p>\n<p>Je profite de cette pr\u00e9sentation, pour remercier \u00e9galement toute ma famille et mes amis pour leurs diff\u00e9rents soutiens, chacun \u00e0 leur fa\u00e7on.<span class=\"Apple-converted-space\">&nbsp;<\/span><\/p>\t\t\t\t\t<\/div>\n\t\t\t\t\t\t<\/div>\n\t\t\t\t<\/div>\n\t\t\t\t\t\t<\/div>\n\t\t\t\t\t<\/div>\n\t\t<\/div>\n\t\t\t\t\t\t\t\t<\/div>\n\t\t\t\t\t<\/div>\n\t\t<\/section>\n\t\t\t\t\t\t<\/div>\n\t\t\t\t\t\t<\/div>\n\t\t\t\t\t<\/div>\n\t\t","protected":false},"excerpt":{"rendered":"<p>Je me pr\u00e9nomme Natacha, j&rsquo;ai 40 ans, j&rsquo;ai d\u00e9couvert les pierres \u00e0 l&rsquo;\u00e2ge de 8 ans gr\u00e2ce \u00e0 mes grands parents.&nbsp;Puis j\u2019ai grandi en oubliant un peu ma passion. Ce n\u2019est qu\u2019\u00e0 l\u2019\u00e2ge de 30 ans que je m\u2019y suis int\u00e9ress\u00e9e de nouveau suite \u00e0 un \u00e9v\u00e9nement difficile qui gr\u00e2ce au ciel s\u2019est bien termin\u00e9, [&hellip;]<\/p>\n","protected":false},"author":1,"featured_media":0,"parent":0,"menu_order":0,"comment_status":"closed","ping_status":"closed","template":"","meta":[],"_links":{"self":[{"href":"https:\/\/secretdespierres.com\/index.php\/wp-json\/wp\/v2\/pages\/57"}],"collection":[{"href":"https:\/\/secretdespierres.com\/index.php\/wp-json\/wp\/v2\/pages"}],"about":[{"href":"https:\/\/secretdespierres.com\/index.php\/wp-json\/wp\/v2\/types\/page"}],"author":[{"embeddable":true,"href":"https:\/\/secretdespierres.com\/index.php\/wp-json\/wp\/v2\/users\/1"}],"replies":[{"embeddable":true,"href":"https:\/\/secretdespierres.com\/index.php\/wp-json\/wp\/v2\/comments?post=57"}],"version-history":[{"count":53,"href":"https:\/\/secretdespierres.com\/index.php\/wp-json\/wp\/v2\/pages\/57\/revisions"}],"predecessor-version":[{"id":1479,"href":"https:\/\/secretdespierres.com\/index.php\/wp-json\/wp\/v2\/pages\/57\/revisions\/1479"}],"wp:attachment":[{"href":"https:\/\/secretdespierres.com\/index.php\/wp-json\/wp\/v2\/media?parent=57"}],"curies":[{"name":"wp","href":"https:\/\/api.w.org\/{rel}","templated":true}]}}