{"id":1003,"date":"2021-03-02T10:33:42","date_gmt":"2021-03-02T09:33:42","guid":{"rendered":"http:\/\/secretdespierres.com\/?post_type=product&#038;p=1003"},"modified":"2026-04-13T06:29:53","modified_gmt":"2026-04-13T04:29:53","slug":"bracelet-personnalise","status":"publish","type":"product","link":"https:\/\/secretdespierres.com\/index.php\/produit\/bracelet-personnalise\/","title":{"rendered":"Bracelet personnalis\u00e9"},"content":{"rendered":"","protected":false},"excerpt":{"rendered":"<p>Bracelet 100% personnalisable en pierres semi-pr\u00e9cieuses : onyx, oeil de tigre, jaspe paysage, quartz rose, jaspe rouge, l\u00e9pidolite, jade, aventurine, grenat rouge, obsidienne, oeil celeste, cornaline, crystal de roche, azurite, rhodenite, h\u00e9matite, am\u00e9thyste, malachite, turquoise africaine, pierre de lune, tourmaline, amazonite, pyrite, fluorite, perle, sodalite et quartz fum\u00e9 (autres pierres sur devis).<\/p>\n<p>Cliquez ici pour mesurer votre tour de poignet : <a href=\"https:\/\/secretdespierres.com\/wp-content\/uploads\/2021\/03\/SecretdesPierres_Guide-de-tailles2.pdf\">guide de tailles\u00a0<\/a><\/p>\n[wpforms id=\"1002\" title=\"false\"]\n","protected":false},"featured_media":1004,"comment_status":"open","ping_status":"closed","template":"","meta":[],"product_cat":[153],"product_tag":[],"_links":{"self":[{"href":"https:\/\/secretdespierres.com\/index.php\/wp-json\/wp\/v2\/product\/1003"}],"collection":[{"href":"https:\/\/secretdespierres.com\/index.php\/wp-json\/wp\/v2\/product"}],"about":[{"href":"https:\/\/secretdespierres.com\/index.php\/wp-json\/wp\/v2\/types\/product"}],"replies":[{"embeddable":true,"href":"https:\/\/secretdespierres.com\/index.php\/wp-json\/wp\/v2\/comments?post=1003"}],"wp:featuredmedia":[{"embeddable":true,"href":"https:\/\/secretdespierres.com\/index.php\/wp-json\/wp\/v2\/media\/1004"}],"wp:attachment":[{"href":"https:\/\/secretdespierres.com\/index.php\/wp-json\/wp\/v2\/media?parent=1003"}],"wp:term":[{"taxonomy":"product_cat","embeddable":true,"href":"https:\/\/secretdespierres.com\/index.php\/wp-json\/wp\/v2\/product_cat?post=1003"},{"taxonomy":"product_tag","embeddable":true,"href":"https:\/\/secretdespierres.com\/index.php\/wp-json\/wp\/v2\/product_tag?post=1003"}],"curies":[{"name":"wp","href":"https:\/\/api.w.org\/{rel}","templated":true}]}}