{"id":1091,"date":"2021-03-02T18:26:08","date_gmt":"2021-03-02T17:26:08","guid":{"rendered":"http:\/\/secretdespierres.com\/?post_type=product&#038;p=1091"},"modified":"2021-03-05T15:29:04","modified_gmt":"2021-03-05T14:29:04","slug":"galet-de-cire-parfumee-senteur-mangue","status":"publish","type":"product","link":"https:\/\/secretdespierres.com\/index.php\/produit\/galet-de-cire-parfumee-senteur-mangue\/","title":{"rendered":"Galet de cire parfum\u00e9e &#8211; senteur Mangue"},"content":{"rendered":"","protected":false},"excerpt":{"rendered":"<p>Ce galet peut \u00eatre plac\u00e9 dans un br\u00fbleur ou pos\u00e9 dans vos placards pour parfumer votre linge (ne pas mettre en contact direct avec les tissus).<\/p>\n","protected":false},"featured_media":1124,"comment_status":"open","ping_status":"closed","template":"","meta":[],"product_cat":[47],"product_tag":[],"_links":{"self":[{"href":"https:\/\/secretdespierres.com\/index.php\/wp-json\/wp\/v2\/product\/1091"}],"collection":[{"href":"https:\/\/secretdespierres.com\/index.php\/wp-json\/wp\/v2\/product"}],"about":[{"href":"https:\/\/secretdespierres.com\/index.php\/wp-json\/wp\/v2\/types\/product"}],"replies":[{"embeddable":true,"href":"https:\/\/secretdespierres.com\/index.php\/wp-json\/wp\/v2\/comments?post=1091"}],"wp:featuredmedia":[{"embeddable":true,"href":"https:\/\/secretdespierres.com\/index.php\/wp-json\/wp\/v2\/media\/1124"}],"wp:attachment":[{"href":"https:\/\/secretdespierres.com\/index.php\/wp-json\/wp\/v2\/media?parent=1091"}],"wp:term":[{"taxonomy":"product_cat","embeddable":true,"href":"https:\/\/secretdespierres.com\/index.php\/wp-json\/wp\/v2\/product_cat?post=1091"},{"taxonomy":"product_tag","embeddable":true,"href":"https:\/\/secretdespierres.com\/index.php\/wp-json\/wp\/v2\/product_tag?post=1091"}],"curies":[{"name":"wp","href":"https:\/\/api.w.org\/{rel}","templated":true}]}}