{"id":1118,"date":"2021-03-03T09:55:49","date_gmt":"2021-03-03T08:55:49","guid":{"rendered":"http:\/\/secretdespierres.com\/?post_type=product&#038;p=1118"},"modified":"2021-03-05T15:24:19","modified_gmt":"2021-03-05T14:24:19","slug":"galet-de-cire-parfumee-senteur-dupe-la-belle-vie","status":"publish","type":"product","link":"https:\/\/secretdespierres.com\/index.php\/produit\/galet-de-cire-parfumee-senteur-dupe-la-belle-vie\/","title":{"rendered":"Galet de cire parfum\u00e9e &#8211; senteur dupe La belle vie"},"content":{"rendered":"","protected":false},"excerpt":{"rendered":"<p>Inspiration grande maison de parfum \u00a0\u00bb La belle vie \u00a0\u00bb<\/p>\n<p>Ce galet peut \u00eatre plac\u00e9 dans un br\u00fbleur ou pos\u00e9 dans vos placards pour parfumer votre linge (ne pas mettre en contact direct avec les tissus).<\/p>\n","protected":false},"featured_media":1119,"comment_status":"open","ping_status":"closed","template":"","meta":[],"product_cat":[47],"product_tag":[],"_links":{"self":[{"href":"https:\/\/secretdespierres.com\/index.php\/wp-json\/wp\/v2\/product\/1118"}],"collection":[{"href":"https:\/\/secretdespierres.com\/index.php\/wp-json\/wp\/v2\/product"}],"about":[{"href":"https:\/\/secretdespierres.com\/index.php\/wp-json\/wp\/v2\/types\/product"}],"replies":[{"embeddable":true,"href":"https:\/\/secretdespierres.com\/index.php\/wp-json\/wp\/v2\/comments?post=1118"}],"wp:featuredmedia":[{"embeddable":true,"href":"https:\/\/secretdespierres.com\/index.php\/wp-json\/wp\/v2\/media\/1119"}],"wp:attachment":[{"href":"https:\/\/secretdespierres.com\/index.php\/wp-json\/wp\/v2\/media?parent=1118"}],"wp:term":[{"taxonomy":"product_cat","embeddable":true,"href":"https:\/\/secretdespierres.com\/index.php\/wp-json\/wp\/v2\/product_cat?post=1118"},{"taxonomy":"product_tag","embeddable":true,"href":"https:\/\/secretdespierres.com\/index.php\/wp-json\/wp\/v2\/product_tag?post=1118"}],"curies":[{"name":"wp","href":"https:\/\/api.w.org\/{rel}","templated":true}]}}