{"id":1316,"date":"2021-03-04T12:15:21","date_gmt":"2021-03-04T11:15:21","guid":{"rendered":"http:\/\/secretdespierres.com\/?post_type=product&#038;p=1316"},"modified":"2021-03-04T12:16:00","modified_gmt":"2021-03-04T11:16:00","slug":"bracelet-3-beryl-avec-coeur-dange-en-etain-argente-sans-nickel","status":"publish","type":"product","link":"https:\/\/secretdespierres.com\/index.php\/produit\/bracelet-3-beryl-avec-coeur-dange-en-etain-argente-sans-nickel\/","title":{"rendered":"Bracelet 3 b\u00e9ryl avec coeur d&rsquo;ange en \u00e9tain argent\u00e9 sans nickel"},"content":{"rendered":"","protected":false},"excerpt":{"rendered":"<p>Bracelet 3 b\u00e9ryl avec coeur d&rsquo;ange en \u00e9tain argent\u00e9 sans nickel<span class=\"Apple-converted-space\">\u00a0<\/span><\/p>\n","protected":false},"featured_media":1317,"comment_status":"open","ping_status":"closed","template":"","meta":[],"product_cat":[128],"product_tag":[],"_links":{"self":[{"href":"https:\/\/secretdespierres.com\/index.php\/wp-json\/wp\/v2\/product\/1316"}],"collection":[{"href":"https:\/\/secretdespierres.com\/index.php\/wp-json\/wp\/v2\/product"}],"about":[{"href":"https:\/\/secretdespierres.com\/index.php\/wp-json\/wp\/v2\/types\/product"}],"replies":[{"embeddable":true,"href":"https:\/\/secretdespierres.com\/index.php\/wp-json\/wp\/v2\/comments?post=1316"}],"wp:featuredmedia":[{"embeddable":true,"href":"https:\/\/secretdespierres.com\/index.php\/wp-json\/wp\/v2\/media\/1317"}],"wp:attachment":[{"href":"https:\/\/secretdespierres.com\/index.php\/wp-json\/wp\/v2\/media?parent=1316"}],"wp:term":[{"taxonomy":"product_cat","embeddable":true,"href":"https:\/\/secretdespierres.com\/index.php\/wp-json\/wp\/v2\/product_cat?post=1316"},{"taxonomy":"product_tag","embeddable":true,"href":"https:\/\/secretdespierres.com\/index.php\/wp-json\/wp\/v2\/product_tag?post=1316"}],"curies":[{"name":"wp","href":"https:\/\/api.w.org\/{rel}","templated":true}]}}