{"id":223,"date":"2021-01-18T15:05:14","date_gmt":"2021-01-18T14:05:14","guid":{"rendered":"http:\/\/secretdespierres.com\/?post_type=product&#038;p=223"},"modified":"2021-03-01T14:39:56","modified_gmt":"2021-03-01T13:39:56","slug":"bougie-essence-de-pierres-chakra-n1-racine","status":"publish","type":"product","link":"https:\/\/secretdespierres.com\/index.php\/produit\/bougie-essence-de-pierres-chakra-n1-racine\/","title":{"rendered":"Bougie essence de pierres &#8211; Chakra Rouge n\u00b01 \u00ab\u00a0Racine\u00a0\u00bb &#8211; Tourmaline &#038; Musc"},"content":{"rendered":"<p>La pierre Tourmaline noire aide \u00e0 vous pr\u00e9server des ondes \u00e9lectromagn\u00e9tiques, tr\u00e8s bonne pierre d\u2019ancrage, de protection.<br \/>\nLe senteur musc est gourmande et sucr\u00e9e.<\/p>\n<p>&nbsp;<\/p>\n<p>La pierre provient directement du Br\u00e9sil.<\/p>\n","protected":false},"excerpt":{"rendered":"<p>La pierre Tourmaline noire aide \u00e0 vous pr\u00e9server des ondes \u00e9lectromagn\u00e9tiques, tr\u00e8s bonne pierre d\u2019ancrage, de protection. Le senteur musc est gourmande et sucr\u00e9e. &nbsp; La pierre provient directement du Br\u00e9sil.<\/p>\n","protected":false},"featured_media":224,"comment_status":"open","ping_status":"closed","template":"","meta":[],"product_cat":[47],"product_tag":[],"_links":{"self":[{"href":"https:\/\/secretdespierres.com\/index.php\/wp-json\/wp\/v2\/product\/223"}],"collection":[{"href":"https:\/\/secretdespierres.com\/index.php\/wp-json\/wp\/v2\/product"}],"about":[{"href":"https:\/\/secretdespierres.com\/index.php\/wp-json\/wp\/v2\/types\/product"}],"replies":[{"embeddable":true,"href":"https:\/\/secretdespierres.com\/index.php\/wp-json\/wp\/v2\/comments?post=223"}],"wp:featuredmedia":[{"embeddable":true,"href":"https:\/\/secretdespierres.com\/index.php\/wp-json\/wp\/v2\/media\/224"}],"wp:attachment":[{"href":"https:\/\/secretdespierres.com\/index.php\/wp-json\/wp\/v2\/media?parent=223"}],"wp:term":[{"taxonomy":"product_cat","embeddable":true,"href":"https:\/\/secretdespierres.com\/index.php\/wp-json\/wp\/v2\/product_cat?post=223"},{"taxonomy":"product_tag","embeddable":true,"href":"https:\/\/secretdespierres.com\/index.php\/wp-json\/wp\/v2\/product_tag?post=223"}],"curies":[{"name":"wp","href":"https:\/\/api.w.org\/{rel}","templated":true}]}}