{"id":226,"date":"2021-01-18T15:18:40","date_gmt":"2021-01-18T14:18:40","guid":{"rendered":"http:\/\/secretdespierres.com\/?post_type=product&#038;p=226"},"modified":"2021-03-01T14:40:10","modified_gmt":"2021-03-01T13:40:10","slug":"bougie-essence-de-pierres-chakra-n1-racine-bronzite-peche","status":"publish","type":"product","link":"https:\/\/secretdespierres.com\/index.php\/produit\/bougie-essence-de-pierres-chakra-n1-racine-bronzite-peche\/","title":{"rendered":"Bougie essence de pierres &#8211; Chakra Rouge n\u00b01 \u00ab\u00a0Racine\u00a0\u00bb &#8211; Bronzite &#038; P\u00eache"},"content":{"rendered":"<p>La Bronzite aide \u00e0 la concentration, \u00e0 la cr\u00e9ativit\u00e9 et la communication. Elle vous aide \u00e0 prendre le contr\u00f4le de vos pens\u00e9es. Elle repousse les pens\u00e9es n\u00e9gatives.<br \/>\nLa senteur p\u00eache douce et naturelle.<\/p>\n<p>La pierre provient directement des USA.<\/p>\n","protected":false},"excerpt":{"rendered":"<p>La Bronzite aide \u00e0 la concentration, \u00e0 la cr\u00e9ativit\u00e9 et la communication. Elle vous aide \u00e0 prendre le contr\u00f4le de vos pens\u00e9es. Elle repousse les pens\u00e9es n\u00e9gatives. La senteur p\u00eache douce et naturelle. La pierre provient directement des USA.<\/p>\n","protected":false},"featured_media":227,"comment_status":"open","ping_status":"closed","template":"","meta":[],"product_cat":[47],"product_tag":[],"_links":{"self":[{"href":"https:\/\/secretdespierres.com\/index.php\/wp-json\/wp\/v2\/product\/226"}],"collection":[{"href":"https:\/\/secretdespierres.com\/index.php\/wp-json\/wp\/v2\/product"}],"about":[{"href":"https:\/\/secretdespierres.com\/index.php\/wp-json\/wp\/v2\/types\/product"}],"replies":[{"embeddable":true,"href":"https:\/\/secretdespierres.com\/index.php\/wp-json\/wp\/v2\/comments?post=226"}],"wp:featuredmedia":[{"embeddable":true,"href":"https:\/\/secretdespierres.com\/index.php\/wp-json\/wp\/v2\/media\/227"}],"wp:attachment":[{"href":"https:\/\/secretdespierres.com\/index.php\/wp-json\/wp\/v2\/media?parent=226"}],"wp:term":[{"taxonomy":"product_cat","embeddable":true,"href":"https:\/\/secretdespierres.com\/index.php\/wp-json\/wp\/v2\/product_cat?post=226"},{"taxonomy":"product_tag","embeddable":true,"href":"https:\/\/secretdespierres.com\/index.php\/wp-json\/wp\/v2\/product_tag?post=226"}],"curies":[{"name":"wp","href":"https:\/\/api.w.org\/{rel}","templated":true}]}}