{"id":228,"date":"2021-01-18T15:24:24","date_gmt":"2021-01-18T14:24:24","guid":{"rendered":"http:\/\/secretdespierres.com\/?post_type=product&#038;p=228"},"modified":"2021-03-01T14:40:29","modified_gmt":"2021-03-01T13:40:29","slug":"bougie-essence-de-pierres-chakra-n2-sacre-cornaline-patchouli","status":"publish","type":"product","link":"https:\/\/secretdespierres.com\/index.php\/produit\/bougie-essence-de-pierres-chakra-n2-sacre-cornaline-patchouli\/","title":{"rendered":"Bougie essence de pierres &#8211; Chakra Jaune n\u00b03 \u00ab\u00a0Solaire\u00a0\u00bb &#8211; Calcite orange &#038; Verveine Citron"},"content":{"rendered":"<p>La Calcite orange apporte la joie de vivre, l&rsquo;apaisement et l&rsquo;\u00e9quilibre mental. Elle permet de mieux g\u00e9rer le mal-\u00eatre et stimule l&rsquo;intuition. Elle permet de ne pas perdre espoir.<\/p>\n<p>&nbsp;<\/p>\n<p>La pierre provient directement du Mexique.<\/p>\n","protected":false},"excerpt":{"rendered":"<p>La Calcite orange apporte la joie de vivre, l&rsquo;apaisement et l&rsquo;\u00e9quilibre mental. Elle permet de mieux g\u00e9rer le mal-\u00eatre et stimule l&rsquo;intuition. Elle permet de ne pas perdre espoir. &nbsp; La pierre provient directement du Mexique.<\/p>\n","protected":false},"featured_media":234,"comment_status":"open","ping_status":"closed","template":"","meta":[],"product_cat":[47],"product_tag":[],"_links":{"self":[{"href":"https:\/\/secretdespierres.com\/index.php\/wp-json\/wp\/v2\/product\/228"}],"collection":[{"href":"https:\/\/secretdespierres.com\/index.php\/wp-json\/wp\/v2\/product"}],"about":[{"href":"https:\/\/secretdespierres.com\/index.php\/wp-json\/wp\/v2\/types\/product"}],"replies":[{"embeddable":true,"href":"https:\/\/secretdespierres.com\/index.php\/wp-json\/wp\/v2\/comments?post=228"}],"wp:featuredmedia":[{"embeddable":true,"href":"https:\/\/secretdespierres.com\/index.php\/wp-json\/wp\/v2\/media\/234"}],"wp:attachment":[{"href":"https:\/\/secretdespierres.com\/index.php\/wp-json\/wp\/v2\/media?parent=228"}],"wp:term":[{"taxonomy":"product_cat","embeddable":true,"href":"https:\/\/secretdespierres.com\/index.php\/wp-json\/wp\/v2\/product_cat?post=228"},{"taxonomy":"product_tag","embeddable":true,"href":"https:\/\/secretdespierres.com\/index.php\/wp-json\/wp\/v2\/product_tag?post=228"}],"curies":[{"name":"wp","href":"https:\/\/api.w.org\/{rel}","templated":true}]}}