{"id":235,"date":"2021-01-18T15:35:40","date_gmt":"2021-01-18T14:35:40","guid":{"rendered":"http:\/\/secretdespierres.com\/?post_type=product&#038;p=235"},"modified":"2021-03-01T14:40:40","modified_gmt":"2021-03-01T13:40:40","slug":"bougie-essence-de-pierres-chakra-vert-n4-coeur-quartz-rose-rose","status":"publish","type":"product","link":"https:\/\/secretdespierres.com\/index.php\/produit\/bougie-essence-de-pierres-chakra-vert-n4-coeur-quartz-rose-rose\/","title":{"rendered":"Bougie essence de pierres &#8211; Chakra Vert n\u00b04 \u00ab\u00a0Coeur\u00a0\u00bb &#8211; Quartz rose &#038; Rose"},"content":{"rendered":"<p>Le quartz rose incarne l&rsquo;Amour de soi et des autres, l&rsquo;amiti\u00e9, la douceur, le calme. Elle aide ceux qui la portent \u00e0 pardonner mais aussi \u00e0 respecter soi-m\u00eame et les autres.<\/p>\n<p>La pierre provient directement du Br\u00e9sil.<\/p>\n","protected":false},"excerpt":{"rendered":"<p>Le quartz rose incarne l&rsquo;Amour de soi et des autres, l&rsquo;amiti\u00e9, la douceur, le calme. Elle aide ceux qui la portent \u00e0 pardonner mais aussi \u00e0 respecter soi-m\u00eame et les autres. La pierre provient directement du Br\u00e9sil.<\/p>\n","protected":false},"featured_media":236,"comment_status":"open","ping_status":"closed","template":"","meta":[],"product_cat":[47],"product_tag":[],"_links":{"self":[{"href":"https:\/\/secretdespierres.com\/index.php\/wp-json\/wp\/v2\/product\/235"}],"collection":[{"href":"https:\/\/secretdespierres.com\/index.php\/wp-json\/wp\/v2\/product"}],"about":[{"href":"https:\/\/secretdespierres.com\/index.php\/wp-json\/wp\/v2\/types\/product"}],"replies":[{"embeddable":true,"href":"https:\/\/secretdespierres.com\/index.php\/wp-json\/wp\/v2\/comments?post=235"}],"wp:featuredmedia":[{"embeddable":true,"href":"https:\/\/secretdespierres.com\/index.php\/wp-json\/wp\/v2\/media\/236"}],"wp:attachment":[{"href":"https:\/\/secretdespierres.com\/index.php\/wp-json\/wp\/v2\/media?parent=235"}],"wp:term":[{"taxonomy":"product_cat","embeddable":true,"href":"https:\/\/secretdespierres.com\/index.php\/wp-json\/wp\/v2\/product_cat?post=235"},{"taxonomy":"product_tag","embeddable":true,"href":"https:\/\/secretdespierres.com\/index.php\/wp-json\/wp\/v2\/product_tag?post=235"}],"curies":[{"name":"wp","href":"https:\/\/api.w.org\/{rel}","templated":true}]}}