{"id":242,"date":"2021-01-18T15:56:50","date_gmt":"2021-01-18T14:56:50","guid":{"rendered":"http:\/\/secretdespierres.com\/?post_type=product&#038;p=242"},"modified":"2021-03-01T14:41:22","modified_gmt":"2021-03-01T13:41:22","slug":"bougie-essence-de-pierres-chakra-indigo-n6-3eme-oeil-lapis-lazuli-bois-noir","status":"publish","type":"product","link":"https:\/\/secretdespierres.com\/index.php\/produit\/bougie-essence-de-pierres-chakra-indigo-n6-3eme-oeil-lapis-lazuli-bois-noir\/","title":{"rendered":"Bougie essence de pierres &#8211; Chakra Indigo n\u00b06 \u00ab\u00a03\u00e8me oeil\u00a0\u00bb &#8211; Lapis Lazuli &#038; Bois Noir"},"content":{"rendered":"<p>Le Lapis Lazulis est la pierre de l&rsquo;ouverture d&rsquo;esprit. Elle soulage les maux de t\u00eate, les troubles de la vision. Elle aide \u00e0 se d\u00e9faire de l&rsquo;ecz\u00e9ma et des allergies.<\/p>\n<p>&nbsp;<\/p>\n<p>La pierre provient directement d&rsquo;Afghanistan.<\/p>\n","protected":false},"excerpt":{"rendered":"<p>Le Lapis Lazulis est la pierre de l&rsquo;ouverture d&rsquo;esprit. Elle soulage les maux de t\u00eate, les troubles de la vision. Elle aide \u00e0 se d\u00e9faire de l&rsquo;ecz\u00e9ma et des allergies. &nbsp; La pierre provient directement d&rsquo;Afghanistan.<\/p>\n","protected":false},"featured_media":243,"comment_status":"open","ping_status":"closed","template":"","meta":[],"product_cat":[47],"product_tag":[],"_links":{"self":[{"href":"https:\/\/secretdespierres.com\/index.php\/wp-json\/wp\/v2\/product\/242"}],"collection":[{"href":"https:\/\/secretdespierres.com\/index.php\/wp-json\/wp\/v2\/product"}],"about":[{"href":"https:\/\/secretdespierres.com\/index.php\/wp-json\/wp\/v2\/types\/product"}],"replies":[{"embeddable":true,"href":"https:\/\/secretdespierres.com\/index.php\/wp-json\/wp\/v2\/comments?post=242"}],"wp:featuredmedia":[{"embeddable":true,"href":"https:\/\/secretdespierres.com\/index.php\/wp-json\/wp\/v2\/media\/243"}],"wp:attachment":[{"href":"https:\/\/secretdespierres.com\/index.php\/wp-json\/wp\/v2\/media?parent=242"}],"wp:term":[{"taxonomy":"product_cat","embeddable":true,"href":"https:\/\/secretdespierres.com\/index.php\/wp-json\/wp\/v2\/product_cat?post=242"},{"taxonomy":"product_tag","embeddable":true,"href":"https:\/\/secretdespierres.com\/index.php\/wp-json\/wp\/v2\/product_tag?post=242"}],"curies":[{"name":"wp","href":"https:\/\/api.w.org\/{rel}","templated":true}]}}