{"id":245,"date":"2021-01-18T16:07:03","date_gmt":"2021-01-18T15:07:03","guid":{"rendered":"http:\/\/secretdespierres.com\/?post_type=product&#038;p=245"},"modified":"2021-03-01T14:41:42","modified_gmt":"2021-03-01T13:41:42","slug":"bougie-essence-de-pierres-chakra-violet-n7-couronne-purputite-reve-dorient","status":"publish","type":"product","link":"https:\/\/secretdespierres.com\/index.php\/produit\/bougie-essence-de-pierres-chakra-violet-n7-couronne-purputite-reve-dorient\/","title":{"rendered":"Bougie essence de pierres &#8211; Chakra Violet  n\u00b07 \u00ab\u00a0Couronne\u00a0\u00bb &#8211; Purputite &#038; R\u00eave d&rsquo;orient"},"content":{"rendered":"<p>La senteur \u00ab\u00a0R\u00eave d&rsquo;orient\u00a0\u00bb est compos\u00e9e de : Camomille, Bleuet, Th\u00e9 vert, musc, Vanille, Poudre de riz, Rose &amp; Lavande.<\/p>\n<p>La Purpurite est une pierre de protection rare, d\u00e9couverte il y a \u00e0 peine plus de 100 ans. Elle a des vertus destressantes, fait appel au bien-\u00eatre et \u00e0 la spiritualit\u00e9. Elle aide \u00e0 faire la part des choses entre le mat\u00e9riel et le non-mat\u00e9riel et offre une purification de nos champs d&rsquo;\u00e9nergie. Cette pierre associ\u00e9e \u00e0 un Diamant de Herkimer, elle facilit\u00e9 la mont\u00e9e de Kundalini.<\/p>\n<p>&nbsp;<\/p>\n<p>La pierre provient directement de l&rsquo;Afrique du Sud.<\/p>\n","protected":false},"excerpt":{"rendered":"<p>La senteur \u00ab\u00a0R\u00eave d&rsquo;orient\u00a0\u00bb est compos\u00e9e de : Camomille, Bleuet, Th\u00e9 vert, musc, Vanille, Poudre de riz, Rose &amp; Lavande. La Purpurite est une pierre de protection rare, d\u00e9couverte il y a \u00e0 peine plus de 100 ans. Elle a des vertus destressantes, fait appel au bien-\u00eatre et \u00e0 la spiritualit\u00e9. Elle aide \u00e0 faire [&hellip;]<\/p>\n","protected":false},"featured_media":247,"comment_status":"open","ping_status":"closed","template":"","meta":[],"product_cat":[47],"product_tag":[],"_links":{"self":[{"href":"https:\/\/secretdespierres.com\/index.php\/wp-json\/wp\/v2\/product\/245"}],"collection":[{"href":"https:\/\/secretdespierres.com\/index.php\/wp-json\/wp\/v2\/product"}],"about":[{"href":"https:\/\/secretdespierres.com\/index.php\/wp-json\/wp\/v2\/types\/product"}],"replies":[{"embeddable":true,"href":"https:\/\/secretdespierres.com\/index.php\/wp-json\/wp\/v2\/comments?post=245"}],"wp:featuredmedia":[{"embeddable":true,"href":"https:\/\/secretdespierres.com\/index.php\/wp-json\/wp\/v2\/media\/247"}],"wp:attachment":[{"href":"https:\/\/secretdespierres.com\/index.php\/wp-json\/wp\/v2\/media?parent=245"}],"wp:term":[{"taxonomy":"product_cat","embeddable":true,"href":"https:\/\/secretdespierres.com\/index.php\/wp-json\/wp\/v2\/product_cat?post=245"},{"taxonomy":"product_tag","embeddable":true,"href":"https:\/\/secretdespierres.com\/index.php\/wp-json\/wp\/v2\/product_tag?post=245"}],"curies":[{"name":"wp","href":"https:\/\/api.w.org\/{rel}","templated":true}]}}