{"id":306,"date":"2021-01-18T16:35:18","date_gmt":"2021-01-18T15:35:18","guid":{"rendered":"http:\/\/secretdespierres.com\/?post_type=product&#038;p=306"},"modified":"2021-03-01T14:42:39","modified_gmt":"2021-03-01T13:42:39","slug":"bougie-essence-de-pierres-essence-de-cristal-cedre","status":"publish","type":"product","link":"https:\/\/secretdespierres.com\/index.php\/produit\/bougie-essence-de-pierres-essence-de-cristal-cedre\/","title":{"rendered":"Bougie essence de pierres &#8211; Essence de Cristal &#038; C\u00e8dre."},"content":{"rendered":"<p>Le Cristal amplifie les vertus des autres pierres, aide \u00e0 \u00e9quilibrer les Chakras, il relie le corps \u00e0 l&rsquo;esprit. C&rsquo;est une pierre qui aide \u00e0 la clairvoyance.<\/p>\n<p>&nbsp;<\/p>\n<p>La pierre provient directement du Br\u00e9sil.<\/p>\n","protected":false},"excerpt":{"rendered":"<p>Le Cristal amplifie les vertus des autres pierres, aide \u00e0 \u00e9quilibrer les Chakras, il relie le corps \u00e0 l&rsquo;esprit. C&rsquo;est une pierre qui aide \u00e0 la clairvoyance. &nbsp; La pierre provient directement du Br\u00e9sil.<\/p>\n","protected":false},"featured_media":307,"comment_status":"open","ping_status":"closed","template":"","meta":[],"product_cat":[47],"product_tag":[],"_links":{"self":[{"href":"https:\/\/secretdespierres.com\/index.php\/wp-json\/wp\/v2\/product\/306"}],"collection":[{"href":"https:\/\/secretdespierres.com\/index.php\/wp-json\/wp\/v2\/product"}],"about":[{"href":"https:\/\/secretdespierres.com\/index.php\/wp-json\/wp\/v2\/types\/product"}],"replies":[{"embeddable":true,"href":"https:\/\/secretdespierres.com\/index.php\/wp-json\/wp\/v2\/comments?post=306"}],"wp:featuredmedia":[{"embeddable":true,"href":"https:\/\/secretdespierres.com\/index.php\/wp-json\/wp\/v2\/media\/307"}],"wp:attachment":[{"href":"https:\/\/secretdespierres.com\/index.php\/wp-json\/wp\/v2\/media?parent=306"}],"wp:term":[{"taxonomy":"product_cat","embeddable":true,"href":"https:\/\/secretdespierres.com\/index.php\/wp-json\/wp\/v2\/product_cat?post=306"},{"taxonomy":"product_tag","embeddable":true,"href":"https:\/\/secretdespierres.com\/index.php\/wp-json\/wp\/v2\/product_tag?post=306"}],"curies":[{"name":"wp","href":"https:\/\/api.w.org\/{rel}","templated":true}]}}