{"id":308,"date":"2021-01-18T16:39:08","date_gmt":"2021-01-18T15:39:08","guid":{"rendered":"http:\/\/secretdespierres.com\/?post_type=product&#038;p=308"},"modified":"2021-03-01T14:42:52","modified_gmt":"2021-03-01T13:42:52","slug":"bougie-essence-de-pierres-essence-harmonie","status":"publish","type":"product","link":"https:\/\/secretdespierres.com\/index.php\/produit\/bougie-essence-de-pierres-essence-harmonie\/","title":{"rendered":"Bougie essence de pierres &#8211; Essence Harmonie"},"content":{"rendered":"<p>La S\u00e9l\u00e9nite aide \u00e0 se d\u00e9tendre, \u00e9loigne les \u00e9nergies n\u00e9gatives, aide \u00e0 l&rsquo;\u00e9limination du poids, r\u00e9duit les maux d&rsquo;estomac et les douleurs articulaires.<\/p>\n<p>Son doux parfum de poudre de riz vous accompagnera.<\/p>\n<p>&nbsp;<\/p>\n<p>La pierre provient directement du Maroc.<\/p>\n","protected":false},"excerpt":{"rendered":"<p>La S\u00e9l\u00e9nite aide \u00e0 se d\u00e9tendre, \u00e9loigne les \u00e9nergies n\u00e9gatives, aide \u00e0 l&rsquo;\u00e9limination du poids, r\u00e9duit les maux d&rsquo;estomac et les douleurs articulaires. Son doux parfum de poudre de riz vous accompagnera. &nbsp; La pierre provient directement du Maroc.<\/p>\n","protected":false},"featured_media":309,"comment_status":"open","ping_status":"closed","template":"","meta":[],"product_cat":[47],"product_tag":[],"_links":{"self":[{"href":"https:\/\/secretdespierres.com\/index.php\/wp-json\/wp\/v2\/product\/308"}],"collection":[{"href":"https:\/\/secretdespierres.com\/index.php\/wp-json\/wp\/v2\/product"}],"about":[{"href":"https:\/\/secretdespierres.com\/index.php\/wp-json\/wp\/v2\/types\/product"}],"replies":[{"embeddable":true,"href":"https:\/\/secretdespierres.com\/index.php\/wp-json\/wp\/v2\/comments?post=308"}],"wp:featuredmedia":[{"embeddable":true,"href":"https:\/\/secretdespierres.com\/index.php\/wp-json\/wp\/v2\/media\/309"}],"wp:attachment":[{"href":"https:\/\/secretdespierres.com\/index.php\/wp-json\/wp\/v2\/media?parent=308"}],"wp:term":[{"taxonomy":"product_cat","embeddable":true,"href":"https:\/\/secretdespierres.com\/index.php\/wp-json\/wp\/v2\/product_cat?post=308"},{"taxonomy":"product_tag","embeddable":true,"href":"https:\/\/secretdespierres.com\/index.php\/wp-json\/wp\/v2\/product_tag?post=308"}],"curies":[{"name":"wp","href":"https:\/\/api.w.org\/{rel}","templated":true}]}}