{"id":310,"date":"2021-01-18T16:44:00","date_gmt":"2021-01-18T15:44:00","guid":{"rendered":"http:\/\/secretdespierres.com\/?post_type=product&#038;p=310"},"modified":"2021-03-01T14:42:59","modified_gmt":"2021-03-01T13:42:59","slug":"bougie-essence-de-pierres-essence-divine","status":"publish","type":"product","link":"https:\/\/secretdespierres.com\/index.php\/produit\/bougie-essence-de-pierres-essence-divine\/","title":{"rendered":"Bougie essence de pierres &#8211; Essence Divine"},"content":{"rendered":"<p>La pierre Howlite est la pierre de l&rsquo;Harmonie. Elle permet d&rsquo;optimiser la coh\u00e9rence de nos sentiments. Elle permet une meilleure consolidation des ongles, cheveux et os. Elle aide \u00e0 r\u00e9soudre les dysfonctionnements digestifs et est diur\u00e9tique.<\/p>\n<p>Son doux parfum d&rsquo;Ylang-Ylang vous enivrera.<\/p>\n<p>&nbsp;<\/p>\n<p>La pierre provient directement du Zimbabw\u00e9.<\/p>\n","protected":false},"excerpt":{"rendered":"<p>La pierre Howlite est la pierre de l&rsquo;Harmonie. Elle permet d&rsquo;optimiser la coh\u00e9rence de nos sentiments. Elle permet une meilleure consolidation des ongles, cheveux et os. Elle aide \u00e0 r\u00e9soudre les dysfonctionnements digestifs et est diur\u00e9tique. Son doux parfum d&rsquo;Ylang-Ylang vous enivrera. &nbsp; La pierre provient directement du Zimbabw\u00e9.<\/p>\n","protected":false},"featured_media":311,"comment_status":"open","ping_status":"closed","template":"","meta":[],"product_cat":[47],"product_tag":[],"_links":{"self":[{"href":"https:\/\/secretdespierres.com\/index.php\/wp-json\/wp\/v2\/product\/310"}],"collection":[{"href":"https:\/\/secretdespierres.com\/index.php\/wp-json\/wp\/v2\/product"}],"about":[{"href":"https:\/\/secretdespierres.com\/index.php\/wp-json\/wp\/v2\/types\/product"}],"replies":[{"embeddable":true,"href":"https:\/\/secretdespierres.com\/index.php\/wp-json\/wp\/v2\/comments?post=310"}],"wp:featuredmedia":[{"embeddable":true,"href":"https:\/\/secretdespierres.com\/index.php\/wp-json\/wp\/v2\/media\/311"}],"wp:attachment":[{"href":"https:\/\/secretdespierres.com\/index.php\/wp-json\/wp\/v2\/media?parent=310"}],"wp:term":[{"taxonomy":"product_cat","embeddable":true,"href":"https:\/\/secretdespierres.com\/index.php\/wp-json\/wp\/v2\/product_cat?post=310"},{"taxonomy":"product_tag","embeddable":true,"href":"https:\/\/secretdespierres.com\/index.php\/wp-json\/wp\/v2\/product_tag?post=310"}],"curies":[{"name":"wp","href":"https:\/\/api.w.org\/{rel}","templated":true}]}}