{"id":747,"date":"2021-02-24T14:49:16","date_gmt":"2021-02-24T13:49:16","guid":{"rendered":"http:\/\/secretdespierres.com\/?post_type=product&#038;p=747"},"modified":"2021-06-21T19:49:44","modified_gmt":"2021-06-21T17:49:44","slug":"brule-encens-avec-receptacle-arbre-de-vie","status":"publish","type":"product","link":"https:\/\/secretdespierres.com\/index.php\/produit\/brule-encens-avec-receptacle-arbre-de-vie\/","title":{"rendered":"Br\u00fble encens avec r\u00e9ceptacle Arbre de Vie"},"content":{"rendered":"<div>D\u00e9cor\u00e9 avec Arbre de la Vie grav\u00e9.<\/div>\n<div>\n<p>Convient pour b\u00e2tonnets d&rsquo;encens et deux c\u00f4nes d\u2019encens.<\/p>\n<p>Sp\u00e9cification du produit<\/p>\n<div class=\"ydp3c6ccd6spec-list\">\n<div class=\"ydp3c6ccd6spec-desc\">Taille :\u00a031&#215;5.5&#215;6 cm<\/div>\n<div class=\"ydp3c6ccd6spec-desc\">Mat\u00e9riel :\u00a0Bois<\/div>\n<div class=\"ydp3c6ccd6spec-item\">\n<p class=\"ydp3c6ccd6spec-desc\">Poids total gr. :\u00a0667<\/p>\n<\/div>\n<\/div>\n<\/div>\n","protected":false},"excerpt":{"rendered":"<div>D\u00e9cor\u00e9 avec Arbre de la Vie grav\u00e9.<\/div>\n<div>\n<p>Convient pour b\u00e2tonnets d&rsquo;encens et deux c\u00f4nes d\u2019encens.<\/p>\n<\/div>\n","protected":false},"featured_media":748,"comment_status":"open","ping_status":"closed","template":"","meta":[],"product_cat":[36],"product_tag":[],"_links":{"self":[{"href":"https:\/\/secretdespierres.com\/index.php\/wp-json\/wp\/v2\/product\/747"}],"collection":[{"href":"https:\/\/secretdespierres.com\/index.php\/wp-json\/wp\/v2\/product"}],"about":[{"href":"https:\/\/secretdespierres.com\/index.php\/wp-json\/wp\/v2\/types\/product"}],"replies":[{"embeddable":true,"href":"https:\/\/secretdespierres.com\/index.php\/wp-json\/wp\/v2\/comments?post=747"}],"wp:featuredmedia":[{"embeddable":true,"href":"https:\/\/secretdespierres.com\/index.php\/wp-json\/wp\/v2\/media\/748"}],"wp:attachment":[{"href":"https:\/\/secretdespierres.com\/index.php\/wp-json\/wp\/v2\/media?parent=747"}],"wp:term":[{"taxonomy":"product_cat","embeddable":true,"href":"https:\/\/secretdespierres.com\/index.php\/wp-json\/wp\/v2\/product_cat?post=747"},{"taxonomy":"product_tag","embeddable":true,"href":"https:\/\/secretdespierres.com\/index.php\/wp-json\/wp\/v2\/product_tag?post=747"}],"curies":[{"name":"wp","href":"https:\/\/api.w.org\/{rel}","templated":true}]}}