{"id":752,"date":"2021-02-24T14:55:22","date_gmt":"2021-02-24T13:55:22","guid":{"rendered":"http:\/\/secretdespierres.com\/?post_type=product&#038;p=752"},"modified":"2025-05-23T11:46:32","modified_gmt":"2025-05-23T09:46:32","slug":"bruleur-dencens-mains-offertes-avec-bouddha","status":"publish","type":"product","link":"https:\/\/secretdespierres.com\/index.php\/produit\/bruleur-dencens-mains-offertes-avec-bouddha\/","title":{"rendered":"Br\u00fbleur d&rsquo;encens mains offertes avec Bouddha"},"content":{"rendered":"<div class=\"ydp8c42bf23prod-desc-container\">\n<div class=\"ydp8c42bf23prod-desc-wrapper\">\n<div class=\"ydp8c42bf23product-long-description\">\n<div class=\"ydp62ac89a8prod-desc-container\">\n<div class=\"ydp62ac89a8prod-desc-wrapper\">\n<div class=\"ydp62ac89a8product-long-description\">\n<p>Porte-encens pour br\u00fbler des b\u00e2tons d&rsquo;encens minces, avec un Bouddha et deux mains offrant qui recueillent les cendres. Sculptures d\u00e9taill\u00e9es.<\/p>\n<p>Sp\u00e9cification du produit<\/p>\n<div class=\"ydp7e8d5f84spec-list\">\n<div class=\"ydp7e8d5f84spec-desc\">Taille :\u00a09&#215;4<\/div>\n<div class=\"ydp7e8d5f84spec-desc\">Mat\u00e9riel :\u00a0Aluminium<\/div>\n<div class=\"ydp7e8d5f84spec-desc\">Couleur :\u00a0Argent<\/div>\n<div class=\"ydp7e8d5f84spec-item\">\n<p class=\"ydp7e8d5f84spec-desc\">Poids total gr.:\u00a0259<\/p>\n<\/div>\n<\/div>\n<\/div>\n<\/div>\n<\/div>\n<\/div>\n<\/div>\n<\/div>\n","protected":false},"excerpt":{"rendered":"<p>Porte-encens pour br\u00fbler des b\u00e2tons d&rsquo;encens minces, avec un Bouddha et deux mains offrant qui recueillent les cendres. Sculptures d\u00e9taill\u00e9es.<\/p>\n","protected":false},"featured_media":753,"comment_status":"open","ping_status":"closed","template":"","meta":[],"product_cat":[36],"product_tag":[],"_links":{"self":[{"href":"https:\/\/secretdespierres.com\/index.php\/wp-json\/wp\/v2\/product\/752"}],"collection":[{"href":"https:\/\/secretdespierres.com\/index.php\/wp-json\/wp\/v2\/product"}],"about":[{"href":"https:\/\/secretdespierres.com\/index.php\/wp-json\/wp\/v2\/types\/product"}],"replies":[{"embeddable":true,"href":"https:\/\/secretdespierres.com\/index.php\/wp-json\/wp\/v2\/comments?post=752"}],"wp:featuredmedia":[{"embeddable":true,"href":"https:\/\/secretdespierres.com\/index.php\/wp-json\/wp\/v2\/media\/753"}],"wp:attachment":[{"href":"https:\/\/secretdespierres.com\/index.php\/wp-json\/wp\/v2\/media?parent=752"}],"wp:term":[{"taxonomy":"product_cat","embeddable":true,"href":"https:\/\/secretdespierres.com\/index.php\/wp-json\/wp\/v2\/product_cat?post=752"},{"taxonomy":"product_tag","embeddable":true,"href":"https:\/\/secretdespierres.com\/index.php\/wp-json\/wp\/v2\/product_tag?post=752"}],"curies":[{"name":"wp","href":"https:\/\/api.w.org\/{rel}","templated":true}]}}