{"id":781,"date":"2021-03-01T10:11:43","date_gmt":"2021-03-01T09:11:43","guid":{"rendered":"http:\/\/secretdespierres.com\/?post_type=product&#038;p=781"},"modified":"2021-03-04T15:52:40","modified_gmt":"2021-03-04T14:52:40","slug":"bracelet-en-grenat-vert-et-tete-de-lion-en-etain-dore","status":"publish","type":"product","link":"https:\/\/secretdespierres.com\/index.php\/produit\/bracelet-en-grenat-vert-et-tete-de-lion-en-etain-dore\/","title":{"rendered":"Bracelet en grenat vert et t\u00eate de Lion en \u00e9tain dor\u00e9"},"content":{"rendered":"<p>Sans nickel et un appr\u00eat dor\u00e9 en acier inoxydable<\/p>\n","protected":false},"excerpt":{"rendered":"<p>Bracelet diam\u00e8tre 10mm.<\/p>\n","protected":false},"featured_media":782,"comment_status":"open","ping_status":"closed","template":"","meta":[],"product_cat":[122],"product_tag":[],"_links":{"self":[{"href":"https:\/\/secretdespierres.com\/index.php\/wp-json\/wp\/v2\/product\/781"}],"collection":[{"href":"https:\/\/secretdespierres.com\/index.php\/wp-json\/wp\/v2\/product"}],"about":[{"href":"https:\/\/secretdespierres.com\/index.php\/wp-json\/wp\/v2\/types\/product"}],"replies":[{"embeddable":true,"href":"https:\/\/secretdespierres.com\/index.php\/wp-json\/wp\/v2\/comments?post=781"}],"wp:featuredmedia":[{"embeddable":true,"href":"https:\/\/secretdespierres.com\/index.php\/wp-json\/wp\/v2\/media\/782"}],"wp:attachment":[{"href":"https:\/\/secretdespierres.com\/index.php\/wp-json\/wp\/v2\/media?parent=781"}],"wp:term":[{"taxonomy":"product_cat","embeddable":true,"href":"https:\/\/secretdespierres.com\/index.php\/wp-json\/wp\/v2\/product_cat?post=781"},{"taxonomy":"product_tag","embeddable":true,"href":"https:\/\/secretdespierres.com\/index.php\/wp-json\/wp\/v2\/product_tag?post=781"}],"curies":[{"name":"wp","href":"https:\/\/api.w.org\/{rel}","templated":true}]}}