{"id":825,"date":"2021-03-01T12:03:39","date_gmt":"2021-03-01T11:03:39","guid":{"rendered":"http:\/\/secretdespierres.com\/?post_type=product&#038;p=825"},"modified":"2021-03-03T17:11:33","modified_gmt":"2021-03-03T16:11:33","slug":"bracelets-duos-mere-fille-en-quartz-cerise","status":"publish","type":"product","link":"https:\/\/secretdespierres.com\/index.php\/produit\/bracelets-duos-mere-fille-en-quartz-cerise\/","title":{"rendered":"Bracelets duos M\u00e8re Fille en quartz cerise"},"content":{"rendered":"<p>avec un appr\u00eat en \u00e9tain argent\u00e9 sans nickel<\/p>\n","protected":false},"excerpt":{"rendered":"<p>avec un appr\u00eat en \u00e9tain argent\u00e9 sans nickel<\/p>\n","protected":false},"featured_media":826,"comment_status":"open","ping_status":"closed","template":"","meta":[],"product_cat":[18],"product_tag":[],"_links":{"self":[{"href":"https:\/\/secretdespierres.com\/index.php\/wp-json\/wp\/v2\/product\/825"}],"collection":[{"href":"https:\/\/secretdespierres.com\/index.php\/wp-json\/wp\/v2\/product"}],"about":[{"href":"https:\/\/secretdespierres.com\/index.php\/wp-json\/wp\/v2\/types\/product"}],"replies":[{"embeddable":true,"href":"https:\/\/secretdespierres.com\/index.php\/wp-json\/wp\/v2\/comments?post=825"}],"wp:featuredmedia":[{"embeddable":true,"href":"https:\/\/secretdespierres.com\/index.php\/wp-json\/wp\/v2\/media\/826"}],"wp:attachment":[{"href":"https:\/\/secretdespierres.com\/index.php\/wp-json\/wp\/v2\/media?parent=825"}],"wp:term":[{"taxonomy":"product_cat","embeddable":true,"href":"https:\/\/secretdespierres.com\/index.php\/wp-json\/wp\/v2\/product_cat?post=825"},{"taxonomy":"product_tag","embeddable":true,"href":"https:\/\/secretdespierres.com\/index.php\/wp-json\/wp\/v2\/product_tag?post=825"}],"curies":[{"name":"wp","href":"https:\/\/api.w.org\/{rel}","templated":true}]}}