{"id":827,"date":"2021-03-01T12:25:10","date_gmt":"2021-03-01T11:25:10","guid":{"rendered":"http:\/\/secretdespierres.com\/?post_type=product&#038;p=827"},"modified":"2021-06-21T19:46:23","modified_gmt":"2021-06-21T17:46:23","slug":"mon-flacon-amethyste","status":"publish","type":"product","link":"https:\/\/secretdespierres.com\/index.php\/produit\/mon-flacon-amethyste\/","title":{"rendered":"Mon flacon Am\u00e9thyste"},"content":{"rendered":"<p>Am\u00e9thyste: Chakra 6 et 7 \u00e9me, aide pour toutes les d\u00e9pendances, apaise les maux de t\u00eate.<\/p>\n<p>Hauteur : 2,5 cm<\/p>\n","protected":false},"excerpt":{"rendered":"<p>Le collier \u00ab Mon Flacon aux Min\u00e9raux \u00bb est mont\u00e9 sur une cha\u00eene r\u00e9glable en m\u00e9tal argent\u00e9 et pr\u00e9sent\u00e9 sur une carte bilingue avec un texte sp\u00e9cifique (Fran\u00e7ais \/ Anglais).<\/p>\n","protected":false},"featured_media":828,"comment_status":"open","ping_status":"closed","template":"","meta":[],"product_cat":[123,154],"product_tag":[],"_links":{"self":[{"href":"https:\/\/secretdespierres.com\/index.php\/wp-json\/wp\/v2\/product\/827"}],"collection":[{"href":"https:\/\/secretdespierres.com\/index.php\/wp-json\/wp\/v2\/product"}],"about":[{"href":"https:\/\/secretdespierres.com\/index.php\/wp-json\/wp\/v2\/types\/product"}],"replies":[{"embeddable":true,"href":"https:\/\/secretdespierres.com\/index.php\/wp-json\/wp\/v2\/comments?post=827"}],"wp:featuredmedia":[{"embeddable":true,"href":"https:\/\/secretdespierres.com\/index.php\/wp-json\/wp\/v2\/media\/828"}],"wp:attachment":[{"href":"https:\/\/secretdespierres.com\/index.php\/wp-json\/wp\/v2\/media?parent=827"}],"wp:term":[{"taxonomy":"product_cat","embeddable":true,"href":"https:\/\/secretdespierres.com\/index.php\/wp-json\/wp\/v2\/product_cat?post=827"},{"taxonomy":"product_tag","embeddable":true,"href":"https:\/\/secretdespierres.com\/index.php\/wp-json\/wp\/v2\/product_tag?post=827"}],"curies":[{"name":"wp","href":"https:\/\/api.w.org\/{rel}","templated":true}]}}