{"id":835,"date":"2021-03-01T12:28:06","date_gmt":"2021-03-01T11:28:06","guid":{"rendered":"http:\/\/secretdespierres.com\/?post_type=product&#038;p=835"},"modified":"2021-06-21T19:45:51","modified_gmt":"2021-06-21T17:45:51","slug":"mon-flacon-cristal-de-roche","status":"publish","type":"product","link":"https:\/\/secretdespierres.com\/index.php\/produit\/mon-flacon-cristal-de-roche\/","title":{"rendered":"Mon flacon Cristal de roche"},"content":{"rendered":"<p>Cristal de Roche: Chakra Coronal, pierre de lumi\u00e8re, \u00e9veille les consciences.<\/p>\n<p>Hauteur : 2,5 cm<\/p>\n","protected":false},"excerpt":{"rendered":"<p>Le collier \u00ab\u00a0Mon Flacon aux Min\u00e9raux\u00a0\u00bb est mont\u00e9 sur une cha\u00eene r\u00e9glable en m\u00e9tal argent\u00e9 et pr\u00e9sent\u00e9 sur une carte bilingue avec un texte sp\u00e9cifique (Fran\u00e7ais \/ Anglais).<\/p>\n","protected":false},"featured_media":836,"comment_status":"open","ping_status":"closed","template":"","meta":[],"product_cat":[123,154],"product_tag":[],"_links":{"self":[{"href":"https:\/\/secretdespierres.com\/index.php\/wp-json\/wp\/v2\/product\/835"}],"collection":[{"href":"https:\/\/secretdespierres.com\/index.php\/wp-json\/wp\/v2\/product"}],"about":[{"href":"https:\/\/secretdespierres.com\/index.php\/wp-json\/wp\/v2\/types\/product"}],"replies":[{"embeddable":true,"href":"https:\/\/secretdespierres.com\/index.php\/wp-json\/wp\/v2\/comments?post=835"}],"wp:featuredmedia":[{"embeddable":true,"href":"https:\/\/secretdespierres.com\/index.php\/wp-json\/wp\/v2\/media\/836"}],"wp:attachment":[{"href":"https:\/\/secretdespierres.com\/index.php\/wp-json\/wp\/v2\/media?parent=835"}],"wp:term":[{"taxonomy":"product_cat","embeddable":true,"href":"https:\/\/secretdespierres.com\/index.php\/wp-json\/wp\/v2\/product_cat?post=835"},{"taxonomy":"product_tag","embeddable":true,"href":"https:\/\/secretdespierres.com\/index.php\/wp-json\/wp\/v2\/product_tag?post=835"}],"curies":[{"name":"wp","href":"https:\/\/api.w.org\/{rel}","templated":true}]}}