{"id":837,"date":"2021-03-01T12:29:00","date_gmt":"2021-03-01T11:29:00","guid":{"rendered":"http:\/\/secretdespierres.com\/?post_type=product&#038;p=837"},"modified":"2021-06-21T19:45:40","modified_gmt":"2021-06-21T17:45:40","slug":"mon-flacon-hematite","status":"publish","type":"product","link":"https:\/\/secretdespierres.com\/index.php\/produit\/mon-flacon-hematite\/","title":{"rendered":"Mon flacon H\u00e9matite"},"content":{"rendered":"<p>H\u00e9matite: Chakra Racine, pierre d&rsquo;ancrage, elle apaise, d\u00e9tend, purifie et dynamise.<\/p>\n<p>Hauteur : 2,5 cm<\/p>\n","protected":false},"excerpt":{"rendered":"<p>Le collier \u00ab\u00a0Mon Flacon aux Min\u00e9raux\u00a0\u00bb est mont\u00e9 sur une cha\u00eene r\u00e9glable en m\u00e9tal argent\u00e9 et pr\u00e9sent\u00e9 sur une carte bilingue avec un texte sp\u00e9cifique (Fran\u00e7ais \/ Anglais).<\/p>\n","protected":false},"featured_media":838,"comment_status":"open","ping_status":"closed","template":"","meta":[],"product_cat":[123,154],"product_tag":[],"_links":{"self":[{"href":"https:\/\/secretdespierres.com\/index.php\/wp-json\/wp\/v2\/product\/837"}],"collection":[{"href":"https:\/\/secretdespierres.com\/index.php\/wp-json\/wp\/v2\/product"}],"about":[{"href":"https:\/\/secretdespierres.com\/index.php\/wp-json\/wp\/v2\/types\/product"}],"replies":[{"embeddable":true,"href":"https:\/\/secretdespierres.com\/index.php\/wp-json\/wp\/v2\/comments?post=837"}],"wp:featuredmedia":[{"embeddable":true,"href":"https:\/\/secretdespierres.com\/index.php\/wp-json\/wp\/v2\/media\/838"}],"wp:attachment":[{"href":"https:\/\/secretdespierres.com\/index.php\/wp-json\/wp\/v2\/media?parent=837"}],"wp:term":[{"taxonomy":"product_cat","embeddable":true,"href":"https:\/\/secretdespierres.com\/index.php\/wp-json\/wp\/v2\/product_cat?post=837"},{"taxonomy":"product_tag","embeddable":true,"href":"https:\/\/secretdespierres.com\/index.php\/wp-json\/wp\/v2\/product_tag?post=837"}],"curies":[{"name":"wp","href":"https:\/\/api.w.org\/{rel}","templated":true}]}}