{"id":839,"date":"2021-03-01T12:30:07","date_gmt":"2021-03-01T11:30:07","guid":{"rendered":"http:\/\/secretdespierres.com\/?post_type=product&#038;p=839"},"modified":"2026-02-28T21:21:46","modified_gmt":"2026-02-28T20:21:46","slug":"mon-flacon-oeil-de-tigre","status":"publish","type":"product","link":"https:\/\/secretdespierres.com\/index.php\/produit\/mon-flacon-oeil-de-tigre\/","title":{"rendered":"Mon flacon Oeil de tigre"},"content":{"rendered":"<p>Oeil de Tigre: Chakra solaire, c&rsquo;est une pierre de protection, d&rsquo;autonomie et confiance en soi.<\/p>\n<p>Hauteur : 2,5 cm<\/p>\n","protected":false},"excerpt":{"rendered":"<p>Le collier \u00ab\u00a0Mon Flacon aux Min\u00e9raux\u00a0\u00bb est mont\u00e9 sur une cha\u00eene r\u00e9glable en m\u00e9tal argent\u00e9 et pr\u00e9sent\u00e9 sur une carte bilingue avec un texte sp\u00e9cifique (Fran\u00e7ais \/ Anglais).<\/p>\n","protected":false},"featured_media":840,"comment_status":"open","ping_status":"closed","template":"","meta":[],"product_cat":[123,154],"product_tag":[],"_links":{"self":[{"href":"https:\/\/secretdespierres.com\/index.php\/wp-json\/wp\/v2\/product\/839"}],"collection":[{"href":"https:\/\/secretdespierres.com\/index.php\/wp-json\/wp\/v2\/product"}],"about":[{"href":"https:\/\/secretdespierres.com\/index.php\/wp-json\/wp\/v2\/types\/product"}],"replies":[{"embeddable":true,"href":"https:\/\/secretdespierres.com\/index.php\/wp-json\/wp\/v2\/comments?post=839"}],"wp:featuredmedia":[{"embeddable":true,"href":"https:\/\/secretdespierres.com\/index.php\/wp-json\/wp\/v2\/media\/840"}],"wp:attachment":[{"href":"https:\/\/secretdespierres.com\/index.php\/wp-json\/wp\/v2\/media?parent=839"}],"wp:term":[{"taxonomy":"product_cat","embeddable":true,"href":"https:\/\/secretdespierres.com\/index.php\/wp-json\/wp\/v2\/product_cat?post=839"},{"taxonomy":"product_tag","embeddable":true,"href":"https:\/\/secretdespierres.com\/index.php\/wp-json\/wp\/v2\/product_tag?post=839"}],"curies":[{"name":"wp","href":"https:\/\/api.w.org\/{rel}","templated":true}]}}