{"id":903,"date":"2021-03-01T16:19:50","date_gmt":"2021-03-01T15:19:50","guid":{"rendered":"http:\/\/secretdespierres.com\/?post_type=product&#038;p=903"},"modified":"2021-03-05T15:39:10","modified_gmt":"2021-03-05T14:39:10","slug":"brule-parfum-ohm-en-pierre-a-savon-noire","status":"publish","type":"product","link":"https:\/\/secretdespierres.com\/index.php\/produit\/brule-parfum-ohm-en-pierre-a-savon-noire\/","title":{"rendered":"Br\u00fble-parfum OHM en pierre \u00e0 savon noire"},"content":{"rendered":"<h3>Br\u00fble-parfum\u00a0en pierre \u00e0 savon noire\u00a0&#8211; avec le symbole OHM\u00a0&#8211;\u00a0r\u00e9servoir\u00a0d&rsquo;huile s\u00e9par\u00e9<\/h3>\n<div>\n<p>Belle lampe d\u2019ar\u00f4me en pierre \u00e0 savon (st\u00e9atite) polie, de\u00a0qualit\u00e9 lourde. \u00a0Le r\u00e9servoir d&rsquo;huile peut \u00eatre enlev\u00e9 pour le nettoyer facilement. D\u00e9cor\u00e9 du symbole Om.<\/p>\n<p>Un c\u00f4t\u00e9 de la base est amovible pour pouvoir y placer la bougie.<\/p>\n<\/div>\n","protected":false},"excerpt":{"rendered":"<h3>Br\u00fble-parfum\u00a0en pierre \u00e0 savon noire\u00a0&#8211; avec le symbole OHM\u00a0&#8211;\u00a0r\u00e9servoir\u00a0d&rsquo;huile s\u00e9par\u00e9<\/h3>\n<div>\n<p>Belle lampe d\u2019ar\u00f4me en pierre \u00e0 savon (st\u00e9atite) polie, de\u00a0qualit\u00e9 lourde. \u00a0Le r\u00e9servoir d&rsquo;huile peut \u00eatre enlev\u00e9 pour le nettoyer facilement. D\u00e9cor\u00e9 du symbole Om.<\/p>\n<p>Un c\u00f4t\u00e9 de la base est amovible pour pouvoir y placer la bougie.<\/p>\n<\/div>\n","protected":false},"featured_media":904,"comment_status":"open","ping_status":"closed","template":"","meta":[],"product_cat":[47],"product_tag":[],"_links":{"self":[{"href":"https:\/\/secretdespierres.com\/index.php\/wp-json\/wp\/v2\/product\/903"}],"collection":[{"href":"https:\/\/secretdespierres.com\/index.php\/wp-json\/wp\/v2\/product"}],"about":[{"href":"https:\/\/secretdespierres.com\/index.php\/wp-json\/wp\/v2\/types\/product"}],"replies":[{"embeddable":true,"href":"https:\/\/secretdespierres.com\/index.php\/wp-json\/wp\/v2\/comments?post=903"}],"wp:featuredmedia":[{"embeddable":true,"href":"https:\/\/secretdespierres.com\/index.php\/wp-json\/wp\/v2\/media\/904"}],"wp:attachment":[{"href":"https:\/\/secretdespierres.com\/index.php\/wp-json\/wp\/v2\/media?parent=903"}],"wp:term":[{"taxonomy":"product_cat","embeddable":true,"href":"https:\/\/secretdespierres.com\/index.php\/wp-json\/wp\/v2\/product_cat?post=903"},{"taxonomy":"product_tag","embeddable":true,"href":"https:\/\/secretdespierres.com\/index.php\/wp-json\/wp\/v2\/product_tag?post=903"}],"curies":[{"name":"wp","href":"https:\/\/api.w.org\/{rel}","templated":true}]}}