{"id":906,"date":"2021-03-01T16:22:26","date_gmt":"2021-03-01T15:22:26","guid":{"rendered":"http:\/\/secretdespierres.com\/?post_type=product&#038;p=906"},"modified":"2021-03-05T15:38:18","modified_gmt":"2021-03-05T14:38:18","slug":"eteignoir-a-bougie-7-chakras","status":"publish","type":"product","link":"https:\/\/secretdespierres.com\/index.php\/produit\/eteignoir-a-bougie-7-chakras\/","title":{"rendered":"\u00c9teignoir \u00e0 bougie 7 chakras"},"content":{"rendered":"<p>\u00c9teignoir \u00e0 bougie classique avec 7 perles de chakra. Tenez le capuchon sur la flamme, elle s\u2019\u00e9teindra automatiquement du fait du manque d\u2019oxyg\u00e8ne.<br \/>\nAvec un long manche, parfait pour les bougies difficiles \u00e0 atteindre.<\/p>\n<p>Verre &amp; laiton<\/p>\n","protected":false},"excerpt":{"rendered":"<p>\u00c9teignoir \u00e0 bougie classique avec 7 perles de chakra. Tenez le capuchon sur la flamme, elle s\u2019\u00e9teindra automatiquement du fait du manque d\u2019oxyg\u00e8ne.<br \/>\nAvec un long manche, parfait pour les bougies difficiles \u00e0 atteindre.<\/p>\n<p>Verre &amp; laiton<\/p>\n","protected":false},"featured_media":907,"comment_status":"open","ping_status":"closed","template":"","meta":[],"product_cat":[47],"product_tag":[],"_links":{"self":[{"href":"https:\/\/secretdespierres.com\/index.php\/wp-json\/wp\/v2\/product\/906"}],"collection":[{"href":"https:\/\/secretdespierres.com\/index.php\/wp-json\/wp\/v2\/product"}],"about":[{"href":"https:\/\/secretdespierres.com\/index.php\/wp-json\/wp\/v2\/types\/product"}],"replies":[{"embeddable":true,"href":"https:\/\/secretdespierres.com\/index.php\/wp-json\/wp\/v2\/comments?post=906"}],"wp:featuredmedia":[{"embeddable":true,"href":"https:\/\/secretdespierres.com\/index.php\/wp-json\/wp\/v2\/media\/907"}],"wp:attachment":[{"href":"https:\/\/secretdespierres.com\/index.php\/wp-json\/wp\/v2\/media?parent=906"}],"wp:term":[{"taxonomy":"product_cat","embeddable":true,"href":"https:\/\/secretdespierres.com\/index.php\/wp-json\/wp\/v2\/product_cat?post=906"},{"taxonomy":"product_tag","embeddable":true,"href":"https:\/\/secretdespierres.com\/index.php\/wp-json\/wp\/v2\/product_tag?post=906"}],"curies":[{"name":"wp","href":"https:\/\/api.w.org\/{rel}","templated":true}]}}