{"id":937,"date":"2021-03-01T16:49:55","date_gmt":"2021-03-01T15:49:55","guid":{"rendered":"http:\/\/secretdespierres.com\/?post_type=product&#038;p=937"},"modified":"2021-03-01T16:51:23","modified_gmt":"2021-03-01T15:51:23","slug":"cristal-feng-shui-feuille-transparent","status":"publish","type":"product","link":"https:\/\/secretdespierres.com\/index.php\/produit\/cristal-feng-shui-feuille-transparent\/","title":{"rendered":"Cristal feng shui feuille transparent"},"content":{"rendered":"<p>Ces cristaux arc en ciel apportent la lumi\u00e8re et la vie dans votre maison! La lumi\u00e8re du soleil sera bris\u00e9e par les nombreuses surfaces, dans les couleurs de l\u2019arc en ciel, projet\u00e9es et dansant dans toute la pi\u00e8ce. Si vous souhaitez installer la maison selon le Feng Shui, ces cristaux sont un must have. M\u00eame les coins les plus difficiles peuvent \u00eatre \u00abbalanc\u00e9s\u00bb en suspendant quelques-uns de ces cristaux.<\/p>\n<p>Suspendez les cristaux dans une fen\u00eatre ensoleill\u00e9e. Essayez ces attrappe-soleil et laissez-vous envo\u00fbter par les couleurs changeantes!<\/p>\n","protected":false},"excerpt":{"rendered":"<p>Ces cristaux arc en ciel apportent la lumi\u00e8re et la vie dans votre maison! La lumi\u00e8re du soleil sera bris\u00e9e par les nombreuses surfaces, dans les couleurs de l\u2019arc en ciel, projet\u00e9es et dansant dans toute la pi\u00e8ce. Si vous souhaitez installer la maison selon le Feng Shui, ces cristaux sont un must have. M\u00eame les coins les plus difficiles peuvent \u00eatre \u00abbalanc\u00e9s\u00bb en suspendant quelques-uns de ces cristaux.<\/p>\n<p>Suspendez les cristaux dans une fen\u00eatre ensoleill\u00e9e. Essayez ces attrappe-soleil et laissez-vous envo\u00fbter par les couleurs changeantes!<\/p>\n","protected":false},"featured_media":938,"comment_status":"open","ping_status":"closed","template":"","meta":[],"product_cat":[126],"product_tag":[],"_links":{"self":[{"href":"https:\/\/secretdespierres.com\/index.php\/wp-json\/wp\/v2\/product\/937"}],"collection":[{"href":"https:\/\/secretdespierres.com\/index.php\/wp-json\/wp\/v2\/product"}],"about":[{"href":"https:\/\/secretdespierres.com\/index.php\/wp-json\/wp\/v2\/types\/product"}],"replies":[{"embeddable":true,"href":"https:\/\/secretdespierres.com\/index.php\/wp-json\/wp\/v2\/comments?post=937"}],"wp:featuredmedia":[{"embeddable":true,"href":"https:\/\/secretdespierres.com\/index.php\/wp-json\/wp\/v2\/media\/938"}],"wp:attachment":[{"href":"https:\/\/secretdespierres.com\/index.php\/wp-json\/wp\/v2\/media?parent=937"}],"wp:term":[{"taxonomy":"product_cat","embeddable":true,"href":"https:\/\/secretdespierres.com\/index.php\/wp-json\/wp\/v2\/product_cat?post=937"},{"taxonomy":"product_tag","embeddable":true,"href":"https:\/\/secretdespierres.com\/index.php\/wp-json\/wp\/v2\/product_tag?post=937"}],"curies":[{"name":"wp","href":"https:\/\/api.w.org\/{rel}","templated":true}]}}