{"id":970,"date":"2021-03-02T09:31:57","date_gmt":"2021-03-02T08:31:57","guid":{"rendered":"http:\/\/secretdespierres.com\/?post_type=product&#038;p=970"},"modified":"2021-03-08T12:27:37","modified_gmt":"2021-03-08T11:27:37","slug":"stylo-en-cornaline","status":"publish","type":"product","link":"https:\/\/secretdespierres.com\/index.php\/produit\/stylo-en-cornaline\/","title":{"rendered":"Stylo en cornaline"},"content":{"rendered":"<p>Cornaline:<span class=\"Apple-converted-space\">\u00a0 <\/span>Chakra sacr\u00e9 et solaire, augmente la f\u00e9condit\u00e9, apaisante.<\/p>\n<p>pointe bleue<\/p>\n","protected":false},"excerpt":{"rendered":"<p>Cornaline:\u00a0 Chakra sacr\u00e9 et solaire, augmente la f\u00e9condit\u00e9, apaisante. pointe bleue<\/p>\n","protected":false},"featured_media":971,"comment_status":"open","ping_status":"closed","template":"","meta":[],"product_cat":[130],"product_tag":[],"_links":{"self":[{"href":"https:\/\/secretdespierres.com\/index.php\/wp-json\/wp\/v2\/product\/970"}],"collection":[{"href":"https:\/\/secretdespierres.com\/index.php\/wp-json\/wp\/v2\/product"}],"about":[{"href":"https:\/\/secretdespierres.com\/index.php\/wp-json\/wp\/v2\/types\/product"}],"replies":[{"embeddable":true,"href":"https:\/\/secretdespierres.com\/index.php\/wp-json\/wp\/v2\/comments?post=970"}],"wp:featuredmedia":[{"embeddable":true,"href":"https:\/\/secretdespierres.com\/index.php\/wp-json\/wp\/v2\/media\/971"}],"wp:attachment":[{"href":"https:\/\/secretdespierres.com\/index.php\/wp-json\/wp\/v2\/media?parent=970"}],"wp:term":[{"taxonomy":"product_cat","embeddable":true,"href":"https:\/\/secretdespierres.com\/index.php\/wp-json\/wp\/v2\/product_cat?post=970"},{"taxonomy":"product_tag","embeddable":true,"href":"https:\/\/secretdespierres.com\/index.php\/wp-json\/wp\/v2\/product_tag?post=970"}],"curies":[{"name":"wp","href":"https:\/\/api.w.org\/{rel}","templated":true}]}}