{"id":974,"date":"2021-03-02T09:34:18","date_gmt":"2021-03-02T08:34:18","guid":{"rendered":"http:\/\/secretdespierres.com\/?post_type=product&#038;p=974"},"modified":"2021-03-08T12:27:16","modified_gmt":"2021-03-08T11:27:16","slug":"stylo-en-hematite","status":"publish","type":"product","link":"https:\/\/secretdespierres.com\/index.php\/produit\/stylo-en-hematite\/","title":{"rendered":"Stylo en h\u00e9matite"},"content":{"rendered":"<p>H\u00e9matite: Chakra Racine, pierre d&rsquo;ancrage, elle apaise, d\u00e9tend, purifie et dynamise.<\/p>\n<p>pointe bleue<\/p>\n","protected":false},"excerpt":{"rendered":"<p>H\u00e9matite: Chakra Racine, pierre d&rsquo;ancrage, elle apaise, d\u00e9tend, purifie et dynamise. pointe bleue<\/p>\n","protected":false},"featured_media":975,"comment_status":"open","ping_status":"closed","template":"","meta":[],"product_cat":[130],"product_tag":[],"_links":{"self":[{"href":"https:\/\/secretdespierres.com\/index.php\/wp-json\/wp\/v2\/product\/974"}],"collection":[{"href":"https:\/\/secretdespierres.com\/index.php\/wp-json\/wp\/v2\/product"}],"about":[{"href":"https:\/\/secretdespierres.com\/index.php\/wp-json\/wp\/v2\/types\/product"}],"replies":[{"embeddable":true,"href":"https:\/\/secretdespierres.com\/index.php\/wp-json\/wp\/v2\/comments?post=974"}],"wp:featuredmedia":[{"embeddable":true,"href":"https:\/\/secretdespierres.com\/index.php\/wp-json\/wp\/v2\/media\/975"}],"wp:attachment":[{"href":"https:\/\/secretdespierres.com\/index.php\/wp-json\/wp\/v2\/media?parent=974"}],"wp:term":[{"taxonomy":"product_cat","embeddable":true,"href":"https:\/\/secretdespierres.com\/index.php\/wp-json\/wp\/v2\/product_cat?post=974"},{"taxonomy":"product_tag","embeddable":true,"href":"https:\/\/secretdespierres.com\/index.php\/wp-json\/wp\/v2\/product_tag?post=974"}],"curies":[{"name":"wp","href":"https:\/\/api.w.org\/{rel}","templated":true}]}}