{"id":994,"date":"2021-03-02T10:21:02","date_gmt":"2021-03-02T09:21:02","guid":{"rendered":"http:\/\/secretdespierres.com\/?post_type=product&#038;p=994"},"modified":"2021-03-02T10:21:49","modified_gmt":"2021-03-02T09:21:49","slug":"tisanne-bio-solaris-chakra-racine","status":"publish","type":"product","link":"https:\/\/secretdespierres.com\/index.php\/produit\/tisanne-bio-solaris-chakra-racine\/","title":{"rendered":"Tisanne bio Solaris Chakra racine"},"content":{"rendered":"<p>Ce m\u00e9lange d&rsquo;\u00e9pices oriental apaisant \u00e0 base de gingembre, de cannelle et de cosses de cacao est cors\u00e9 et terreux, avec une douceur naturelle r\u00e9confortante qui vous aide \u00e0 vous sentir en s\u00e9curit\u00e9 et les pieds sur terre.<\/p>\n<p>Le Chakra racine (Muladhara) &#8211; Je suis<br \/>\nSe focaliser sur notre Chakra racine aide \u00e0 nous garder ancr\u00e9 et profond\u00e9ment enracin\u00e9 dans ce monde. Ainsi, nous sommes plus ouverts au soutien, tout en ancrant et en connectant notre savoir inn\u00e9, nos instincts de survie et nos d\u00e9sirs de base. La racine de votre \u00eatre \u00e9tablit la connexion la plus profonde avec votre corps physique, ce qui est id\u00e9al pour s&rsquo;ancrer avant l&rsquo;exercice.<\/p>\n<p>Sp\u00e9cifications du produit<br \/>\nIngr\u00e9dients: gingembre, cannelle, r\u00e9glisse, cosses de cacao, cardamome, clou de girofle (tous bio).<br \/>\nContient 15 sachets de th\u00e9 en forme de pyramide dans une boite de carton cylindrique.<\/p>\n<p>Pr\u00e9paration<br \/>\nEau 100 \u00b0 C<br \/>\nInfuser 3-5min<br \/>\nInfuser jusqu&rsquo;\u00e0 2x<\/p>\n<p>Philosophie Solaris<br \/>\nSolaris Tea est une entreprise familiale bas\u00e9e en Irlande, sp\u00e9cialis\u00e9e dans le d\u00e9veloppement de m\u00e9langes de th\u00e9s biologiques prim\u00e9s et d&rsquo;infusions \u00e0 base de plantes. Solaris garantit que tous les th\u00e9s sont produits au plus haut niveau de durabilit\u00e9 et de qualit\u00e9. Tous les m\u00e9langes sont exempts de saveurs ajout\u00e9es. Master Tea Blender J\u00f6rg M\u00fcller, ancien gymnaste d&rsquo;\u00e9lite, est dipl\u00f4m\u00e9 en phytoth\u00e9rapie (BSc Hons) et vit en Irlande depuis 15 ans.<\/p>\n","protected":false},"excerpt":{"rendered":"<p>Ce m\u00e9lange d&rsquo;\u00e9pices oriental apaisant \u00e0 base de gingembre, de cannelle et de cosses de cacao est cors\u00e9 et terreux, avec une douceur naturelle r\u00e9confortante qui vous aide \u00e0 vous sentir en s\u00e9curit\u00e9 et les pieds sur terre.<\/p>\n<p>Le Chakra racine (Muladhara) &#8211; Je suis<br \/>\nSe focaliser sur notre Chakra racine aide \u00e0 nous garder ancr\u00e9 et profond\u00e9ment enracin\u00e9 dans ce monde. Ainsi, nous sommes plus ouverts au soutien, tout en ancrant et en connectant notre savoir inn\u00e9, nos instincts de survie et nos d\u00e9sirs de base. La racine de votre \u00eatre \u00e9tablit la connexion la plus profonde avec votre corps physique, ce qui est id\u00e9al pour s&rsquo;ancrer avant l&rsquo;exercice.<\/p>\n","protected":false},"featured_media":995,"comment_status":"open","ping_status":"closed","template":"","meta":[],"product_cat":[127],"product_tag":[],"_links":{"self":[{"href":"https:\/\/secretdespierres.com\/index.php\/wp-json\/wp\/v2\/product\/994"}],"collection":[{"href":"https:\/\/secretdespierres.com\/index.php\/wp-json\/wp\/v2\/product"}],"about":[{"href":"https:\/\/secretdespierres.com\/index.php\/wp-json\/wp\/v2\/types\/product"}],"replies":[{"embeddable":true,"href":"https:\/\/secretdespierres.com\/index.php\/wp-json\/wp\/v2\/comments?post=994"}],"wp:featuredmedia":[{"embeddable":true,"href":"https:\/\/secretdespierres.com\/index.php\/wp-json\/wp\/v2\/media\/995"}],"wp:attachment":[{"href":"https:\/\/secretdespierres.com\/index.php\/wp-json\/wp\/v2\/media?parent=994"}],"wp:term":[{"taxonomy":"product_cat","embeddable":true,"href":"https:\/\/secretdespierres.com\/index.php\/wp-json\/wp\/v2\/product_cat?post=994"},{"taxonomy":"product_tag","embeddable":true,"href":"https:\/\/secretdespierres.com\/index.php\/wp-json\/wp\/v2\/product_tag?post=994"}],"curies":[{"name":"wp","href":"https:\/\/api.w.org\/{rel}","templated":true}]}}